{"id":1451,"date":"2020-01-13T15:52:43","date_gmt":"2020-01-13T14:52:43","guid":{"rendered":"http:\/\/k2prime.com\/?page_id=1451"},"modified":"2020-01-13T16:02:26","modified_gmt":"2020-01-13T15:02:26","slug":"schweizerisches-institut-fur-betriebsokonomie","status":"publish","type":"page","link":"https:\/\/k2prime.com\/de\/referenzen\/schweizerisches-institut-fur-betriebsokonomie\/","title":{"rendered":"Schweizerisches Institut f\u00fcr Betriebs\u00f6konomie"},"content":{"rendered":"<p><div class=\"fusion-fullwidth fullwidth-box fusion-builder-row-1 nonhundred-percent-fullwidth non-hundred-percent-height-scrolling\" style=\"background-color: rgba(255,255,255,0);background-position: center center;background-repeat: no-repeat;padding-top:0px;padding-right:0px;padding-bottom:0px;padding-left:0px;margin-bottom: 0px;margin-top: 0px;border-width: 0px 0px 0px 0px;border-color:#eae9e9;border-style:solid;\" ><div class=\"fusion-builder-row fusion-row\"><div class=\"fusion-layout-column fusion_builder_column fusion-builder-column-0 fusion_builder_column_3_4 3_4 fusion-three-fourth fusion-column-first\" style=\"width:75%;width:calc(75% - ( ( 4% ) * 0.75 ) );margin-right: 4%;margin-top:0px;margin-bottom:20px;\"><div class=\"fusion-column-wrapper fusion-flex-column-wrapper-legacy\" style=\"background-position:left top;background-repeat:no-repeat;-webkit-background-size:cover;-moz-background-size:cover;-o-background-size:cover;background-size:cover;padding: 0px 0px 0px 0px;\"><style type=\"text\/css\"><\/style><div class=\"fusion-title title fusion-title-1 fusion-sep-none fusion-title-text fusion-title-size-two\" style=\"margin-top:45px;margin-bottom:31px;\"><h2 class=\"title-heading-left\" style=\"margin:0;\">Schweizerisches Institut f\u00fcr Betriebs\u00f6konomie<\/h2><\/div><div class=\"fusion-text fusion-text-1\" style=\"transform:translate3d(0,0,0);\"><p>Das SIB wurde 1963 vom Kaufm\u00e4nnischen Verband gegr\u00fcndet und ist seitdem eine bevorzugte Adresse f\u00fcr F\u00fchrungs- und betriebswirtschaftliche Aus- und Weiterbildung bzw. Qualifizierung. Wir begleiten unsere Studierenden praxisnah und sicher zu anspruchsvollen Bildungszielen und legen eine solide Basis f\u00fcr nachhaltigen beruflichen Erfolg. (Quelle: <a href=\"http:\/\/www.sib.ch\">sib.ch<\/a> )<\/p>\n<\/div><div class=\"fusion-clearfix\"><\/div><\/div><\/div><div class=\"fusion-layout-column fusion_builder_column fusion-builder-column-1 fusion_builder_column_1_4 1_4 fusion-one-fourth fusion-column-last\" style=\"width:25%;width:calc(25% - ( ( 4% ) * 0.25 ) );margin-top:0px;margin-bottom:20px;\"><div class=\"fusion-column-wrapper fusion-flex-column-wrapper-legacy\" style=\"background-position:left top;background-repeat:no-repeat;-webkit-background-size:cover;-moz-background-size:cover;-o-background-size:cover;background-size:cover;padding: 0px 0px 0px 0px;\"><span class=\" fusion-imageframe imageframe-none imageframe-1 hover-type-none\"><a class=\"fusion-no-lightbox\" href=\"http:\/\/web.ecpm.ch\" target=\"_blank\" aria-label=\"SIB Logo\" rel=\"noopener noreferrer\"><img width=\"156\" height=\"113\" alt=\"SIB Logo\" src=\"http:\/\/k2prime.com\/wp-content\/uploads\/2020\/01\/sib_logo.png\" class=\"img-responsive wp-image-1459\"\/><\/a><\/span><div class=\"fusion-clearfix\"><\/div><\/div><\/div><\/div><\/div><div class=\"fusion-fullwidth fullwidth-box fusion-builder-row-2 nonhundred-percent-fullwidth non-hundred-percent-height-scrolling\" style=\"background-color: rgba(255,255,255,0);background-position: center center;background-repeat: no-repeat;padding-top:0px;padding-right:0px;padding-bottom:0px;padding-left:0px;margin-bottom: 0px;margin-top: 0px;border-width: 0px 0px 0px 0px;border-color:#eae9e9;border-style:solid;\" ><div class=\"fusion-builder-row fusion-row\"><div class=\"fusion-layout-column fusion_builder_column fusion-builder-column-2 fusion_builder_column_1_4 1_4 fusion-one-fourth fusion-column-first\" style=\"width:25%;width:calc(25% - ( ( 4% ) * 0.25 ) );margin-right: 4%;margin-top:0px;margin-bottom:20px;\"><div class=\"fusion-column-wrapper fusion-flex-column-wrapper-legacy\" style=\"background-position:left top;background-repeat:no-repeat;-webkit-background-size:cover;-moz-background-size:cover;-o-background-size:cover;background-size:cover;padding: 0px 0px 0px 0px;\"><span class=\" fusion-imageframe imageframe-none imageframe-2 hover-type-none\"><img width=\"400\" height=\"600\" alt=\"Michel Vinzens, SIB\" title=\"Michel Vinzens, SIB\" src=\"http:\/\/k2prime.com\/wp-content\/uploads\/2020\/01\/sib_vinzens-1.jpg\" class=\"img-responsive wp-image-1461\" srcset=\"https:\/\/k2prime.com\/wp-content\/uploads\/2020\/01\/sib_vinzens-1-200x300.jpg 200w, https:\/\/k2prime.com\/wp-content\/uploads\/2020\/01\/sib_vinzens-1.jpg 400w\" sizes=\"(max-width: 800px) 100vw, 400px\" \/><\/span><div class=\"fusion-clearfix\"><\/div><\/div><\/div><div class=\"fusion-layout-column fusion_builder_column fusion-builder-column-3 fusion_builder_column_3_4 3_4 fusion-three-fourth fusion-column-last\" style=\"width:75%;width:calc(75% - ( ( 4% ) * 0.75 ) );margin-top:0px;margin-bottom:20px;\"><div class=\"fusion-column-wrapper fusion-flex-column-wrapper-legacy\" style=\"background-position:left top;background-repeat:no-repeat;-webkit-background-size:cover;-moz-background-size:cover;-o-background-size:cover;background-size:cover;padding: 0px 0px 0px 0px;\"><div class=\"fusion-testimonials classic fusion-testimonials-1\" data-random=\"0\" data-speed=\"4000\"><style type=\"text\/css\">#fusion-testimonials-1 a{border-color:#747474;}#fusion-testimonials-1 a:hover, #fusion-testimonials-1 .activeSlide{background-color: #747474;}.fusion-testimonials.classic.fusion-testimonials-1 .author:after{border-top-color:#f6f6f6 !important;}<\/style><div class=\"reviews\"><div class=\"review male\"><blockquote><q style=\"background-color:#f6f6f6;color:#747474;\" class=\"fusion-clearfix\">\n<h3>Unser Pilot mit der BeAxi Software ist sehr positiv verlaufen, so dass wir die Software nun f\u00fcr weitere Pr\u00fcfungen einsetzen. Wir sch\u00e4tzen die pers\u00f6nliche und \u00e4usserst angenehme Zusammenarbeit mit K2Prime sehr und sind \u00fcberzeugt, dass die Software im Pr\u00fcfungswesen die Effizienz wesentlich steigert.<\/h3>\n<\/q><\/blockquote><div class=\"author\" style=\"color:#747474;\"><span class=\"testimonial-thumbnail doe\" style=\"color:#747474;\"><\/span><span class=\"company-name\"><strong>Michel Vinzens<\/strong>, <span>Direktor, Leiter Diplomstudieng\u00e4nge &amp; Mitglied der Gesch\u00e4ftsleitung<\/span><\/span><\/div><\/div><\/div><\/div><div class=\"fusion-clearfix\"><\/div><\/div><\/div><\/div><\/div><div class=\"fusion-fullwidth fullwidth-box fusion-builder-row-3 nonhundred-percent-fullwidth non-hundred-percent-height-scrolling\" style=\"background-color: rgba(255,255,255,0);background-position: center center;background-repeat: no-repeat;padding-top:0px;padding-right:0px;padding-bottom:0px;padding-left:0px;margin-bottom: 0px;margin-top: 0px;border-width: 0px 0px 0px 0px;border-color:#eae9e9;border-style:solid;\" ><div class=\"fusion-builder-row fusion-row\"><div class=\"fusion-layout-column fusion_builder_column fusion-builder-column-4 fusion_builder_column_1_1 1_1 fusion-one-full fusion-column-first fusion-column-last\" style=\"margin-top:0px;margin-bottom:20px;\"><div class=\"fusion-column-wrapper fusion-flex-column-wrapper-legacy\" style=\"background-position:left top;background-repeat:no-repeat;-webkit-background-size:cover;-moz-background-size:cover;-o-background-size:cover;background-size:cover;padding: 0px 0px 0px 0px;\"><div class=\"fusion-text fusion-text-2\" style=\"transform:translate3d(0,0,0);\"><h4>Leistungen K2Prime<\/h4>\n<ul>\n<li>Unterst\u00fctzung bei der Digitalisierung schriftlicher Pr\u00fcfungen<\/li>\n<li>Vor-Ort-Support<\/li>\n<li>Ger\u00e4te-Installation<\/li>\n<\/ul>\n<\/div><div class=\"fusion-clearfix\"><\/div><\/div><\/div><\/div><\/div><\/p>\n","protected":false},"excerpt":{"rendered":"","protected":false},"author":1,"featured_media":0,"parent":836,"menu_order":0,"comment_status":"closed","ping_status":"closed","template":"","meta":{"_monsterinsights_skip_tracking":false,"_monsterinsights_sitenote_active":false,"_monsterinsights_sitenote_note":"","_monsterinsights_sitenote_category":0,"spay_email":""},"categories":[22],"tags":[],"yoast_head":"<!-- This site is optimized with the Yoast SEO plugin v15.9 - https:\/\/yoast.com\/wordpress\/plugins\/seo\/ -->\n<title>Schweizerisches Institut f\u00fcr Betriebs\u00f6konomie - K2Prime<\/title>\n<meta name=\"robots\" content=\"index, follow, max-snippet:-1, max-image-preview:large, max-video-preview:-1\" \/>\n<link rel=\"canonical\" href=\"https:\/\/k2prime.com\/de\/referenzen\/schweizerisches-institut-fur-betriebsokonomie\/\" \/>\n<meta property=\"og:locale\" content=\"de_DE\" \/>\n<meta property=\"og:type\" content=\"article\" \/>\n<meta property=\"og:title\" content=\"Schweizerisches Institut f\u00fcr Betriebs\u00f6konomie - K2Prime\" \/>\n<meta property=\"og:url\" content=\"https:\/\/k2prime.com\/de\/referenzen\/schweizerisches-institut-fur-betriebsokonomie\/\" \/>\n<meta property=\"og:site_name\" content=\"K2Prime\" \/>\n<meta property=\"article:modified_time\" content=\"2020-01-13T15:02:26+00:00\" \/>\n<meta name=\"twitter:card\" content=\"summary_large_image\" \/>\n<meta name=\"twitter:label1\" content=\"Gesch\u00e4tzte Lesezeit\">\n\t<meta name=\"twitter:data1\" content=\"6\u00a0Minuten\">\n<script type=\"application\/ld+json\" class=\"yoast-schema-graph\">{\"@context\":\"https:\/\/schema.org\",\"@graph\":[{\"@type\":\"Organization\",\"@id\":\"https:\/\/k2prime.com\/#organization\",\"name\":\"K2Prime GmbH\",\"url\":\"https:\/\/k2prime.com\/\",\"sameAs\":[],\"logo\":{\"@type\":\"ImageObject\",\"@id\":\"https:\/\/k2prime.com\/#logo\",\"inLanguage\":\"de\",\"url\":\"https:\/\/k2prime.com\/wp-content\/uploads\/layerslider\/Home\/k2prime_logo_1500x585.png\",\"width\":1500,\"height\":585,\"caption\":\"K2Prime GmbH\"},\"image\":{\"@id\":\"https:\/\/k2prime.com\/#logo\"}},{\"@type\":\"WebSite\",\"@id\":\"https:\/\/k2prime.com\/#website\",\"url\":\"https:\/\/k2prime.com\/\",\"name\":\"K2Prime\",\"description\":\"\",\"publisher\":{\"@id\":\"https:\/\/k2prime.com\/#organization\"},\"potentialAction\":[{\"@type\":\"SearchAction\",\"target\":\"https:\/\/k2prime.com\/?s={search_term_string}\",\"query-input\":\"required name=search_term_string\"}],\"inLanguage\":\"de\"},{\"@type\":\"WebPage\",\"@id\":\"https:\/\/k2prime.com\/de\/referenzen\/schweizerisches-institut-fur-betriebsokonomie\/#webpage\",\"url\":\"https:\/\/k2prime.com\/de\/referenzen\/schweizerisches-institut-fur-betriebsokonomie\/\",\"name\":\"Schweizerisches Institut f\\u00fcr Betriebs\\u00f6konomie - K2Prime\",\"isPartOf\":{\"@id\":\"https:\/\/k2prime.com\/#website\"},\"datePublished\":\"2020-01-13T14:52:43+00:00\",\"dateModified\":\"2020-01-13T15:02:26+00:00\",\"breadcrumb\":{\"@id\":\"https:\/\/k2prime.com\/de\/referenzen\/schweizerisches-institut-fur-betriebsokonomie\/#breadcrumb\"},\"inLanguage\":\"de\",\"potentialAction\":[{\"@type\":\"ReadAction\",\"target\":[\"https:\/\/k2prime.com\/de\/referenzen\/schweizerisches-institut-fur-betriebsokonomie\/\"]}]},{\"@type\":\"BreadcrumbList\",\"@id\":\"https:\/\/k2prime.com\/de\/referenzen\/schweizerisches-institut-fur-betriebsokonomie\/#breadcrumb\",\"itemListElement\":[{\"@type\":\"ListItem\",\"position\":1,\"item\":{\"@type\":\"WebPage\",\"@id\":\"https:\/\/k2prime.com\/\",\"url\":\"https:\/\/k2prime.com\/\",\"name\":\"Home\"}},{\"@type\":\"ListItem\",\"position\":2,\"item\":{\"@type\":\"WebPage\",\"@id\":\"https:\/\/k2prime.com\/en\/referenzen\/\",\"url\":\"https:\/\/k2prime.com\/en\/referenzen\/\",\"name\":\"Referenzen\"}},{\"@type\":\"ListItem\",\"position\":3,\"item\":{\"@type\":\"WebPage\",\"@id\":\"https:\/\/k2prime.com\/de\/referenzen\/schweizerisches-institut-fur-betriebsokonomie\/\",\"url\":\"https:\/\/k2prime.com\/de\/referenzen\/schweizerisches-institut-fur-betriebsokonomie\/\",\"name\":\"Schweizerisches Institut f\\u00fcr Betriebs\\u00f6konomie\"}}]}]}<\/script>\n<!-- \/ Yoast SEO plugin. -->","jetpack_sharing_enabled":true,"jetpack_shortlink":"https:\/\/wp.me\/P9pl96-np","_links":{"self":[{"href":"https:\/\/k2prime.com\/de\/wp-json\/wp\/v2\/pages\/1451"}],"collection":[{"href":"https:\/\/k2prime.com\/de\/wp-json\/wp\/v2\/pages"}],"about":[{"href":"https:\/\/k2prime.com\/de\/wp-json\/wp\/v2\/types\/page"}],"author":[{"embeddable":true,"href":"https:\/\/k2prime.com\/de\/wp-json\/wp\/v2\/users\/1"}],"replies":[{"embeddable":true,"href":"https:\/\/k2prime.com\/de\/wp-json\/wp\/v2\/comments?post=1451"}],"version-history":[{"count":6,"href":"https:\/\/k2prime.com\/de\/wp-json\/wp\/v2\/pages\/1451\/revisions"}],"predecessor-version":[{"id":1462,"href":"https:\/\/k2prime.com\/de\/wp-json\/wp\/v2\/pages\/1451\/revisions\/1462"}],"up":[{"embeddable":true,"href":"https:\/\/k2prime.com\/de\/wp-json\/wp\/v2\/pages\/836"}],"wp:attachment":[{"href":"https:\/\/k2prime.com\/de\/wp-json\/wp\/v2\/media?parent=1451"}],"wp:term":[{"taxonomy":"category","embeddable":true,"href":"https:\/\/k2prime.com\/de\/wp-json\/wp\/v2\/categories?post=1451"},{"taxonomy":"post_tag","embeddable":true,"href":"https:\/\/k2prime.com\/de\/wp-json\/wp\/v2\/tags?post=1451"}],"curies":[{"name":"wp","href":"https:\/\/api.w.org\/{rel}","templated":true}]}}