{"id":819,"date":"2019-03-29T14:29:26","date_gmt":"2019-03-29T13:29:26","guid":{"rendered":"http:\/\/k2prime.com\/?page_id=819"},"modified":"2019-04-05T06:57:44","modified_gmt":"2019-04-05T05:57:44","slug":"unibas","status":"publish","type":"page","link":"https:\/\/k2prime.com\/de\/referenzen\/unibas\/","title":{"rendered":"Universit\u00e4t Basel"},"content":{"rendered":"<p><div class=\"fusion-fullwidth fullwidth-box fusion-builder-row-1 nonhundred-percent-fullwidth non-hundred-percent-height-scrolling\" style=\"background-color: rgba(255,255,255,0);background-position: center center;background-repeat: no-repeat;padding-top:0px;padding-right:0px;padding-bottom:0px;padding-left:0px;margin-bottom: 0px;margin-top: 0px;border-width: 0px 0px 0px 0px;border-color:#eae9e9;border-style:solid;\" ><div class=\"fusion-builder-row fusion-row\"><div class=\"fusion-layout-column fusion_builder_column fusion-builder-column-0 fusion_builder_column_3_4 3_4 fusion-three-fourth fusion-column-first\" style=\"width:75%;width:calc(75% - ( ( 4% ) * 0.75 ) );margin-right: 4%;margin-top:0px;margin-bottom:20px;\"><div class=\"fusion-column-wrapper fusion-flex-column-wrapper-legacy\" style=\"background-position:left top;background-repeat:no-repeat;-webkit-background-size:cover;-moz-background-size:cover;-o-background-size:cover;background-size:cover;padding: 0px 0px 0px 0px;\"><style type=\"text\/css\"><\/style><div class=\"fusion-title title fusion-title-1 fusion-sep-none fusion-title-text fusion-title-size-two\" style=\"margin-top:45px;margin-bottom:31px;\"><h2 class=\"title-heading-left\" style=\"margin:0;\">Universit\u00e4t Basel<\/h2><\/div><div class=\"fusion-text fusion-text-1\" style=\"transform:translate3d(0,0,0);\"><p>Die Universit\u00e4t Basel ist eine Hochschule von internationalem Ruf, welche in Forschung und Lehre hervorragende Leistungen erbringt. Gegr\u00fcndet 1460, kann sie als \u00e4lteste Universit\u00e4t der Schweiz auf eine \u00fcber 550-j\u00e4hrige erfolgreiche Geschichte zur\u00fcckblicken.<\/p>\n<p>Als Volluniversit\u00e4t mit einem breiten, qualitativ hochstehenden Bildungsangebot zieht sie Studierende aus der Schweiz und der ganzen Welt an und bietet ihnen ausgezeichnete Studienbedingungen auf Bachelor-, Master- und Doktoratsebene. Heute z\u00e4hlt die Universit\u00e4t Basel rund 13&#8217;000 Studierende aus \u00fcber hundert Nationen, darunter rund 2800 Doktorierende. (Quelle: <a href=\"https:\/\/www.unibas.ch\" target=\"_blank\" rel=\"noopener noreferrer\">unibas.ch<\/a> )<\/p>\n<\/div><div class=\"fusion-clearfix\"><\/div><\/div><\/div><div class=\"fusion-layout-column fusion_builder_column fusion-builder-column-1 fusion_builder_column_1_4 1_4 fusion-one-fourth fusion-column-last\" style=\"width:25%;width:calc(25% - ( ( 4% ) * 0.25 ) );margin-top:0px;margin-bottom:20px;\"><div class=\"fusion-column-wrapper fusion-flex-column-wrapper-legacy\" style=\"background-position:left top;background-repeat:no-repeat;-webkit-background-size:cover;-moz-background-size:cover;-o-background-size:cover;background-size:cover;padding: 0px 0px 0px 0px;\"><span class=\" fusion-imageframe imageframe-none imageframe-1 hover-type-none\"><a class=\"fusion-no-lightbox\" href=\"https:\/\/www.unibas.ch\/\" target=\"_blank\" aria-label=\"Universit\u00e4t Basel\" rel=\"noopener noreferrer\"><img width=\"156\" height=\"113\" src=\"http:\/\/k2prime.com\/wp-content\/uploads\/2018\/10\/client_unibas.png\" class=\"img-responsive wp-image-755\"\/><\/a><\/span><div class=\"fusion-clearfix\"><\/div><\/div><\/div><\/div><\/div><div class=\"fusion-fullwidth fullwidth-box fusion-builder-row-2 nonhundred-percent-fullwidth non-hundred-percent-height-scrolling\" style=\"background-color: rgba(255,255,255,0);background-position: center center;background-repeat: no-repeat;padding-top:0px;padding-right:0px;padding-bottom:0px;padding-left:0px;margin-bottom: 0px;margin-top: 0px;border-width: 0px 0px 0px 0px;border-color:#eae9e9;border-style:solid;\" ><div class=\"fusion-builder-row fusion-row\"><div class=\"fusion-layout-column fusion_builder_column fusion-builder-column-2 fusion_builder_column_1_4 1_4 fusion-one-fourth fusion-column-first\" style=\"width:25%;width:calc(25% - ( ( 4% ) * 0.25 ) );margin-right: 4%;margin-top:0px;margin-bottom:20px;\"><div class=\"fusion-column-wrapper fusion-flex-column-wrapper-legacy\" style=\"background-position:left top;background-repeat:no-repeat;-webkit-background-size:cover;-moz-background-size:cover;-o-background-size:cover;background-size:cover;padding: 0px 0px 0px 0px;\"><span class=\" fusion-imageframe imageframe-none imageframe-2 hover-type-none\"><img width=\"960\" height=\"1387\" title=\"Prof. Dr. Kurt Hersberger\" src=\"http:\/\/k2prime.com\/wp-content\/uploads\/2019\/03\/hersbger_kurt.jpg\" class=\"img-responsive wp-image-820\" srcset=\"https:\/\/k2prime.com\/wp-content\/uploads\/2019\/03\/hersbger_kurt-200x289.jpg 200w, https:\/\/k2prime.com\/wp-content\/uploads\/2019\/03\/hersbger_kurt-400x578.jpg 400w, https:\/\/k2prime.com\/wp-content\/uploads\/2019\/03\/hersbger_kurt-600x867.jpg 600w, https:\/\/k2prime.com\/wp-content\/uploads\/2019\/03\/hersbger_kurt-800x1156.jpg 800w, https:\/\/k2prime.com\/wp-content\/uploads\/2019\/03\/hersbger_kurt.jpg 960w\" sizes=\"(max-width: 800px) 100vw, 400px\" \/><\/span><div class=\"fusion-clearfix\"><\/div><\/div><\/div><div class=\"fusion-layout-column fusion_builder_column fusion-builder-column-3 fusion_builder_column_3_4 3_4 fusion-three-fourth fusion-column-last\" style=\"width:75%;width:calc(75% - ( ( 4% ) * 0.75 ) );margin-top:0px;margin-bottom:20px;\"><div class=\"fusion-column-wrapper fusion-flex-column-wrapper-legacy\" style=\"background-position:left top;background-repeat:no-repeat;-webkit-background-size:cover;-moz-background-size:cover;-o-background-size:cover;background-size:cover;padding: 0px 0px 0px 0px;\"><div class=\"fusion-testimonials classic fusion-testimonials-1\" data-random=\"0\" data-speed=\"4000\"><style type=\"text\/css\">#fusion-testimonials-1 a{border-color:#747474;}#fusion-testimonials-1 a:hover, #fusion-testimonials-1 .activeSlide{background-color: #747474;}.fusion-testimonials.classic.fusion-testimonials-1 .author:after{border-top-color:#f6f6f6 !important;}<\/style><div class=\"reviews\"><div class=\"review male\"><blockquote><q style=\"background-color:#f6f6f6;color:#747474;\" class=\"fusion-clearfix\">\n<h3>Bereits 2014 konnten wir in einem Pilot erste, \u00e4usserst positive Erfahrungen mit BeAxi machen, so dass wir inzwischen alle schriftlichen Pr\u00fcfungen im Master Pharmazie mit der ausgezeichneten Unterst\u00fctzung\u00a0 durch das BeAxi-Team zur vollen Zufriedenheit von Studierenden und Dozenten durchf\u00fchren.<\/h3>\n<\/q><\/blockquote><div class=\"author\" style=\"color:#747474;\"><span class=\"testimonial-thumbnail doe\" style=\"color:#747474;\"><\/span><span class=\"company-name\"><strong>Prof. Dr. Kurt Hersberger<\/strong>, <span>Pharmaceutical Care, Universit\u00e4t Basel<\/span><\/span><\/div><\/div><\/div><\/div><div class=\"fusion-clearfix\"><\/div><\/div><\/div><\/div><\/div><div class=\"fusion-fullwidth fullwidth-box fusion-builder-row-3 nonhundred-percent-fullwidth non-hundred-percent-height-scrolling\" style=\"background-color: rgba(255,255,255,0);background-position: center center;background-repeat: no-repeat;padding-top:0px;padding-right:0px;padding-bottom:0px;padding-left:0px;margin-bottom: 0px;margin-top: 0px;border-width: 0px 0px 0px 0px;border-color:#eae9e9;border-style:solid;\" ><div class=\"fusion-builder-row fusion-row\"><div class=\"fusion-layout-column fusion_builder_column fusion-builder-column-4 fusion_builder_column_3_4 3_4 fusion-three-fourth fusion-column-first\" style=\"width:75%;width:calc(75% - ( ( 4% ) * 0.75 ) );margin-right: 4%;margin-top:0px;margin-bottom:20px;\"><div class=\"fusion-column-wrapper fusion-flex-column-wrapper-legacy\" style=\"background-position:left top;background-repeat:no-repeat;-webkit-background-size:cover;-moz-background-size:cover;-o-background-size:cover;background-size:cover;padding: 0px 0px 0px 0px;\"><div class=\"fusion-testimonials classic fusion-testimonials-2\" data-random=\"0\" data-speed=\"4000\"><style type=\"text\/css\">#fusion-testimonials-2 a{border-color:#747474;}#fusion-testimonials-2 a:hover, #fusion-testimonials-2 .activeSlide{background-color: #747474;}.fusion-testimonials.classic.fusion-testimonials-2 .author:after{border-top-color:#f6f6f6 !important;}<\/style><div class=\"reviews\"><div class=\"review male\"><blockquote><q style=\"background-color:#f6f6f6;color:#747474;\" class=\"fusion-clearfix\">\n<h3>Der Einsatz von iPads mit der BeAxi-Software hat f\u00fcr unsere Examen im Fach Pharmakotherapie im Pharmazie-Studium ganz neue M\u00f6glichkeiten geschaffen. Die diversen und kontinuierlich weiterentwickelten Tools erm\u00f6glichen kreative Fragestellungen, fairere Pr\u00fcfungsbedingungen und eine schnelle und unkomplizierte Auswertung der Examen, was f\u00fcr uns Dozenten ein echter Fortschritt darstellt.<\/h3>\n<\/q><\/blockquote><div class=\"author\" style=\"color:#747474;\"><span class=\"testimonial-thumbnail doe\" style=\"color:#747474;\"><\/span><span class=\"company-name\"><strong>Prof. Dr. Christoph R. Meier<\/strong>, <span>Clinical Pharmacy &amp; Epidemiology, Universit\u00e4t Basel<\/span><\/span><\/div><\/div><\/div><\/div><div class=\"fusion-clearfix\"><\/div><\/div><\/div><div class=\"fusion-layout-column fusion_builder_column fusion-builder-column-5 fusion_builder_column_1_4 1_4 fusion-one-fourth fusion-column-last\" style=\"width:25%;width:calc(25% - ( ( 4% ) * 0.25 ) );margin-top:0px;margin-bottom:20px;\"><div class=\"fusion-column-wrapper fusion-flex-column-wrapper-legacy\" style=\"background-position:left top;background-repeat:no-repeat;-webkit-background-size:cover;-moz-background-size:cover;-o-background-size:cover;background-size:cover;padding: 0px 0px 0px 0px;\"><span class=\" fusion-imageframe imageframe-none imageframe-3 hover-type-none\"><img width=\"750\" height=\"1084\" title=\"Prof. Dr. Christoph R. Meier\" src=\"http:\/\/k2prime.com\/wp-content\/uploads\/2019\/03\/meier_christoph.jpg\" class=\"img-responsive wp-image-842\" srcset=\"https:\/\/k2prime.com\/wp-content\/uploads\/2019\/03\/meier_christoph-200x289.jpg 200w, https:\/\/k2prime.com\/wp-content\/uploads\/2019\/03\/meier_christoph-400x578.jpg 400w, https:\/\/k2prime.com\/wp-content\/uploads\/2019\/03\/meier_christoph-600x867.jpg 600w, https:\/\/k2prime.com\/wp-content\/uploads\/2019\/03\/meier_christoph.jpg 750w\" sizes=\"(max-width: 800px) 100vw, 400px\" \/><\/span><div class=\"fusion-clearfix\"><\/div><\/div><\/div><\/div><\/div><div class=\"fusion-fullwidth fullwidth-box fusion-builder-row-4 nonhundred-percent-fullwidth non-hundred-percent-height-scrolling\" style=\"background-color: rgba(255,255,255,0);background-position: center center;background-repeat: no-repeat;padding-top:0px;padding-right:0px;padding-bottom:0px;padding-left:0px;margin-bottom: 0px;margin-top: 0px;border-width: 0px 0px 0px 0px;border-color:#eae9e9;border-style:solid;\" ><div class=\"fusion-builder-row fusion-row\"><div class=\"fusion-layout-column fusion_builder_column fusion-builder-column-6 fusion_builder_column_1_4 1_4 fusion-one-fourth fusion-column-first\" style=\"width:25%;width:calc(25% - ( ( 4% ) * 0.25 ) );margin-right: 4%;margin-top:0px;margin-bottom:20px;\"><div class=\"fusion-column-wrapper fusion-flex-column-wrapper-legacy\" style=\"background-position:left top;background-repeat:no-repeat;-webkit-background-size:cover;-moz-background-size:cover;-o-background-size:cover;background-size:cover;padding: 0px 0px 0px 0px;\"><span class=\" fusion-imageframe imageframe-none imageframe-4 hover-type-none\"><img width=\"960\" height=\"1310\" title=\"Prof. Dr. J\u00f6rg Huwyler\" src=\"http:\/\/k2prime.com\/wp-content\/uploads\/2019\/03\/huwyler_joerg.jpg\" class=\"img-responsive wp-image-846\" srcset=\"https:\/\/k2prime.com\/wp-content\/uploads\/2019\/03\/huwyler_joerg-200x273.jpg 200w, https:\/\/k2prime.com\/wp-content\/uploads\/2019\/03\/huwyler_joerg-400x546.jpg 400w, https:\/\/k2prime.com\/wp-content\/uploads\/2019\/03\/huwyler_joerg-600x819.jpg 600w, https:\/\/k2prime.com\/wp-content\/uploads\/2019\/03\/huwyler_joerg-800x1092.jpg 800w, https:\/\/k2prime.com\/wp-content\/uploads\/2019\/03\/huwyler_joerg.jpg 960w\" sizes=\"(max-width: 800px) 100vw, 400px\" \/><\/span><div class=\"fusion-clearfix\"><\/div><\/div><\/div><div class=\"fusion-layout-column fusion_builder_column fusion-builder-column-7 fusion_builder_column_3_4 3_4 fusion-three-fourth fusion-column-last\" style=\"width:75%;width:calc(75% - ( ( 4% ) * 0.75 ) );margin-top:0px;margin-bottom:20px;\"><div class=\"fusion-column-wrapper fusion-flex-column-wrapper-legacy\" style=\"background-position:left top;background-repeat:no-repeat;-webkit-background-size:cover;-moz-background-size:cover;-o-background-size:cover;background-size:cover;padding: 0px 0px 0px 0px;\"><div class=\"fusion-testimonials classic fusion-testimonials-3\" data-random=\"0\" data-speed=\"4000\"><style type=\"text\/css\">#fusion-testimonials-3 a{border-color:#747474;}#fusion-testimonials-3 a:hover, #fusion-testimonials-3 .activeSlide{background-color: #747474;}.fusion-testimonials.classic.fusion-testimonials-3 .author:after{border-top-color:#f6f6f6 !important;}<\/style><div class=\"reviews\"><div class=\"review male\"><blockquote><q style=\"background-color:#f6f6f6;color:#747474;\" class=\"fusion-clearfix\">\n<h3>Der Pr\u00fcfungs-Ablauf mit BeAxi E-Assessment war perfekt. Wir werden in Zukunft m\u00f6glichst viele Pr\u00fcfungen mit BeAxi durchf\u00fchren.<\/h3>\n<\/q><\/blockquote><div class=\"author\" style=\"color:#747474;\"><span class=\"testimonial-thumbnail doe\" style=\"color:#747474;\"><\/span><span class=\"company-name\"><strong>Prof. Dr. J\u00f6rg Huwyler<\/strong>, <span>Pharmaceutical Technology, Universit\u00e4t Basel<\/span><\/span><\/div><\/div><\/div><\/div><div class=\"fusion-clearfix\"><\/div><\/div><\/div><\/div><\/div><div class=\"fusion-fullwidth fullwidth-box fusion-builder-row-5 nonhundred-percent-fullwidth non-hundred-percent-height-scrolling\" style=\"background-color: rgba(255,255,255,0);background-position: center center;background-repeat: no-repeat;padding-top:0px;padding-right:0px;padding-bottom:0px;padding-left:0px;margin-bottom: 0px;margin-top: 0px;border-width: 0px 0px 0px 0px;border-color:#eae9e9;border-style:solid;\" ><div class=\"fusion-builder-row fusion-row\"><div class=\"fusion-layout-column fusion_builder_column fusion-builder-column-8 fusion_builder_column_3_4 3_4 fusion-three-fourth fusion-column-first\" style=\"width:75%;width:calc(75% - ( ( 4% ) * 0.75 ) );margin-right: 4%;margin-top:0px;margin-bottom:20px;\"><div class=\"fusion-column-wrapper fusion-flex-column-wrapper-legacy\" style=\"background-position:left top;background-repeat:no-repeat;-webkit-background-size:cover;-moz-background-size:cover;-o-background-size:cover;background-size:cover;padding: 0px 0px 0px 0px;\"><div class=\"fusion-testimonials classic fusion-testimonials-4\" data-random=\"0\" data-speed=\"4000\"><style type=\"text\/css\">#fusion-testimonials-4 a{border-color:#747474;}#fusion-testimonials-4 a:hover, #fusion-testimonials-4 .activeSlide{background-color: #747474;}.fusion-testimonials.classic.fusion-testimonials-4 .author:after{border-top-color:#f6f6f6 !important;}<\/style><div class=\"reviews\"><div class=\"review male\"><blockquote><q style=\"background-color:#f6f6f6;color:#747474;\" class=\"fusion-clearfix\">\n<h3>Wir k\u00f6nnen Pr\u00fcfungen nun viel effizienter durchf\u00fchren \u2013 BeAxi E-Assessment hat uns 10 Stunden Korrekturarbeit erspart!<\/h3>\n<\/q><\/blockquote><div class=\"author\" style=\"color:#747474;\"><span class=\"testimonial-thumbnail doe\" style=\"color:#747474;\"><\/span><span class=\"company-name\"><strong>Prof. Dr. Alex Odermatt<\/strong>, <span>Molecular Pharmacy &amp; Toxicology, Universit\u00e4t Basel<\/span><\/span><\/div><\/div><\/div><\/div><div class=\"fusion-clearfix\"><\/div><\/div><\/div><div class=\"fusion-layout-column fusion_builder_column fusion-builder-column-9 fusion_builder_column_1_4 1_4 fusion-one-fourth fusion-column-last\" style=\"width:25%;width:calc(25% - ( ( 4% ) * 0.25 ) );margin-top:0px;margin-bottom:20px;\"><div class=\"fusion-column-wrapper fusion-flex-column-wrapper-legacy\" style=\"background-position:left top;background-repeat:no-repeat;-webkit-background-size:cover;-moz-background-size:cover;-o-background-size:cover;background-size:cover;padding: 0px 0px 0px 0px;\"><span class=\" fusion-imageframe imageframe-none imageframe-5 hover-type-none\"><img width=\"960\" height=\"1387\" title=\"Prof. Dr. Alex Odermatt\" src=\"http:\/\/k2prime.com\/wp-content\/uploads\/2019\/03\/odermatt_alex.jpg\" class=\"img-responsive wp-image-847\" srcset=\"https:\/\/k2prime.com\/wp-content\/uploads\/2019\/03\/odermatt_alex-200x289.jpg 200w, https:\/\/k2prime.com\/wp-content\/uploads\/2019\/03\/odermatt_alex-400x578.jpg 400w, https:\/\/k2prime.com\/wp-content\/uploads\/2019\/03\/odermatt_alex-600x867.jpg 600w, https:\/\/k2prime.com\/wp-content\/uploads\/2019\/03\/odermatt_alex-800x1156.jpg 800w, https:\/\/k2prime.com\/wp-content\/uploads\/2019\/03\/odermatt_alex.jpg 960w\" sizes=\"(max-width: 800px) 100vw, 400px\" \/><\/span><div class=\"fusion-clearfix\"><\/div><\/div><\/div><\/div><\/div><div class=\"fusion-fullwidth fullwidth-box fusion-builder-row-6 nonhundred-percent-fullwidth non-hundred-percent-height-scrolling\" style=\"background-color: rgba(255,255,255,0);background-position: center center;background-repeat: no-repeat;padding-top:0px;padding-right:0px;padding-bottom:0px;padding-left:0px;margin-bottom: 0px;margin-top: 0px;border-width: 0px 0px 0px 0px;border-color:#eae9e9;border-style:solid;\" ><div class=\"fusion-builder-row fusion-row\"><div class=\"fusion-layout-column fusion_builder_column fusion-builder-column-10 fusion_builder_column_1_1 1_1 fusion-one-full fusion-column-first fusion-column-last\" style=\"margin-top:0px;margin-bottom:20px;\"><div class=\"fusion-column-wrapper fusion-flex-column-wrapper-legacy\" style=\"background-position:left top;background-repeat:no-repeat;-webkit-background-size:cover;-moz-background-size:cover;-o-background-size:cover;background-size:cover;padding: 0px 0px 0px 0px;\"><div class=\"fusion-text fusion-text-2\" style=\"transform:translate3d(0,0,0);\"><h4>Leistungen K2Prime<\/h4>\n<ul>\n<li>Digitalisierung-Unterst\u00fctzung schriftlicher Pr\u00fcfungen<\/li>\n<li>Schulung von Dozenten und Assistenten<\/li>\n<li>Vor-Ort-Support<\/li>\n<li>Ger\u00e4te-Management<\/li>\n<\/ul>\n<\/div><div class=\"fusion-clearfix\"><\/div><\/div><\/div><\/div><\/div><\/p>\n","protected":false},"excerpt":{"rendered":"","protected":false},"author":1,"featured_media":0,"parent":836,"menu_order":0,"comment_status":"closed","ping_status":"closed","template":"","meta":{"_monsterinsights_skip_tracking":false,"_monsterinsights_sitenote_active":false,"_monsterinsights_sitenote_note":"","_monsterinsights_sitenote_category":0,"spay_email":""},"categories":[22],"tags":[],"yoast_head":"<!-- This site is optimized with the Yoast SEO plugin v15.9 - https:\/\/yoast.com\/wordpress\/plugins\/seo\/ -->\n<title>Universit\u00e4t Basel - K2Prime<\/title>\n<meta name=\"robots\" content=\"index, follow, max-snippet:-1, max-image-preview:large, max-video-preview:-1\" \/>\n<link rel=\"canonical\" href=\"https:\/\/k2prime.com\/en\/referenzen\/unibas\/\" \/>\n<meta property=\"og:locale\" content=\"de_DE\" \/>\n<meta property=\"og:type\" content=\"article\" \/>\n<meta property=\"og:title\" content=\"Universit\u00e4t Basel - K2Prime\" \/>\n<meta property=\"og:url\" content=\"https:\/\/k2prime.com\/en\/referenzen\/unibas\/\" \/>\n<meta property=\"og:site_name\" content=\"K2Prime\" \/>\n<meta property=\"article:modified_time\" content=\"2019-04-05T05:57:44+00:00\" \/>\n<meta name=\"twitter:card\" content=\"summary_large_image\" \/>\n<meta name=\"twitter:label1\" content=\"Gesch\u00e4tzte Lesezeit\">\n\t<meta name=\"twitter:data1\" content=\"13\u00a0Minuten\">\n<script type=\"application\/ld+json\" class=\"yoast-schema-graph\">{\"@context\":\"https:\/\/schema.org\",\"@graph\":[{\"@type\":\"Organization\",\"@id\":\"https:\/\/k2prime.com\/#organization\",\"name\":\"K2Prime GmbH\",\"url\":\"https:\/\/k2prime.com\/\",\"sameAs\":[],\"logo\":{\"@type\":\"ImageObject\",\"@id\":\"https:\/\/k2prime.com\/#logo\",\"inLanguage\":\"de\",\"url\":\"https:\/\/k2prime.com\/wp-content\/uploads\/layerslider\/Home\/k2prime_logo_1500x585.png\",\"width\":1500,\"height\":585,\"caption\":\"K2Prime GmbH\"},\"image\":{\"@id\":\"https:\/\/k2prime.com\/#logo\"}},{\"@type\":\"WebSite\",\"@id\":\"https:\/\/k2prime.com\/#website\",\"url\":\"https:\/\/k2prime.com\/\",\"name\":\"K2Prime\",\"description\":\"\",\"publisher\":{\"@id\":\"https:\/\/k2prime.com\/#organization\"},\"potentialAction\":[{\"@type\":\"SearchAction\",\"target\":\"https:\/\/k2prime.com\/?s={search_term_string}\",\"query-input\":\"required name=search_term_string\"}],\"inLanguage\":\"de\"},{\"@type\":\"WebPage\",\"@id\":\"https:\/\/k2prime.com\/en\/referenzen\/unibas\/#webpage\",\"url\":\"https:\/\/k2prime.com\/en\/referenzen\/unibas\/\",\"name\":\"Universit\\u00e4t Basel - K2Prime\",\"isPartOf\":{\"@id\":\"https:\/\/k2prime.com\/#website\"},\"datePublished\":\"2019-03-29T13:29:26+00:00\",\"dateModified\":\"2019-04-05T05:57:44+00:00\",\"breadcrumb\":{\"@id\":\"https:\/\/k2prime.com\/en\/referenzen\/unibas\/#breadcrumb\"},\"inLanguage\":\"de\",\"potentialAction\":[{\"@type\":\"ReadAction\",\"target\":[\"https:\/\/k2prime.com\/en\/referenzen\/unibas\/\"]}]},{\"@type\":\"BreadcrumbList\",\"@id\":\"https:\/\/k2prime.com\/en\/referenzen\/unibas\/#breadcrumb\",\"itemListElement\":[{\"@type\":\"ListItem\",\"position\":1,\"item\":{\"@type\":\"WebPage\",\"@id\":\"https:\/\/k2prime.com\/\",\"url\":\"https:\/\/k2prime.com\/\",\"name\":\"Home\"}},{\"@type\":\"ListItem\",\"position\":2,\"item\":{\"@type\":\"WebPage\",\"@id\":\"https:\/\/k2prime.com\/en\/referenzen\/\",\"url\":\"https:\/\/k2prime.com\/en\/referenzen\/\",\"name\":\"Referenzen\"}},{\"@type\":\"ListItem\",\"position\":3,\"item\":{\"@type\":\"WebPage\",\"@id\":\"https:\/\/k2prime.com\/en\/referenzen\/unibas\/\",\"url\":\"https:\/\/k2prime.com\/en\/referenzen\/unibas\/\",\"name\":\"Universit\\u00e4t Basel\"}}]}]}<\/script>\n<!-- \/ Yoast SEO plugin. -->","jetpack_sharing_enabled":true,"jetpack_shortlink":"https:\/\/wp.me\/P9pl96-dd","_links":{"self":[{"href":"https:\/\/k2prime.com\/de\/wp-json\/wp\/v2\/pages\/819"}],"collection":[{"href":"https:\/\/k2prime.com\/de\/wp-json\/wp\/v2\/pages"}],"about":[{"href":"https:\/\/k2prime.com\/de\/wp-json\/wp\/v2\/types\/page"}],"author":[{"embeddable":true,"href":"https:\/\/k2prime.com\/de\/wp-json\/wp\/v2\/users\/1"}],"replies":[{"embeddable":true,"href":"https:\/\/k2prime.com\/de\/wp-json\/wp\/v2\/comments?post=819"}],"version-history":[{"count":22,"href":"https:\/\/k2prime.com\/de\/wp-json\/wp\/v2\/pages\/819\/revisions"}],"predecessor-version":[{"id":948,"href":"https:\/\/k2prime.com\/de\/wp-json\/wp\/v2\/pages\/819\/revisions\/948"}],"up":[{"embeddable":true,"href":"https:\/\/k2prime.com\/de\/wp-json\/wp\/v2\/pages\/836"}],"wp:attachment":[{"href":"https:\/\/k2prime.com\/de\/wp-json\/wp\/v2\/media?parent=819"}],"wp:term":[{"taxonomy":"category","embeddable":true,"href":"https:\/\/k2prime.com\/de\/wp-json\/wp\/v2\/categories?post=819"},{"taxonomy":"post_tag","embeddable":true,"href":"https:\/\/k2prime.com\/de\/wp-json\/wp\/v2\/tags?post=819"}],"curies":[{"name":"wp","href":"https:\/\/api.w.org\/{rel}","templated":true}]}}