{"id":856,"date":"2019-03-29T18:20:31","date_gmt":"2019-03-29T17:20:31","guid":{"rendered":"http:\/\/k2prime.com\/?page_id=856"},"modified":"2019-04-16T10:56:47","modified_gmt":"2019-04-16T09:56:47","slug":"fachhochschule-nordwestschweiz","status":"publish","type":"page","link":"https:\/\/k2prime.com\/de\/referenzen\/fachhochschule-nordwestschweiz\/","title":{"rendered":"Fachhochschule Nordwestschweiz"},"content":{"rendered":"<p><div class=\"fusion-fullwidth fullwidth-box fusion-builder-row-1 nonhundred-percent-fullwidth non-hundred-percent-height-scrolling\" style=\"background-color: rgba(255,255,255,0);background-position: center center;background-repeat: no-repeat;padding-top:0px;padding-right:0px;padding-bottom:0px;padding-left:0px;margin-bottom: 0px;margin-top: 0px;border-width: 0px 0px 0px 0px;border-color:#eae9e9;border-style:solid;\" ><div class=\"fusion-builder-row fusion-row\"><div class=\"fusion-layout-column fusion_builder_column fusion-builder-column-0 fusion_builder_column_3_4 3_4 fusion-three-fourth fusion-column-first\" style=\"width:75%;width:calc(75% - ( ( 4% ) * 0.75 ) );margin-right: 4%;margin-top:0px;margin-bottom:20px;\"><div class=\"fusion-column-wrapper fusion-flex-column-wrapper-legacy\" style=\"background-position:left top;background-repeat:no-repeat;-webkit-background-size:cover;-moz-background-size:cover;-o-background-size:cover;background-size:cover;padding: 0px 0px 0px 0px;\"><style type=\"text\/css\"><\/style><div class=\"fusion-title title fusion-title-1 fusion-sep-none fusion-title-text fusion-title-size-two\" style=\"margin-top:45px;margin-bottom:31px;\"><h2 class=\"title-heading-left\" style=\"margin:0;\">Fachhochschule Nordwestschweiz<\/h2><\/div><div class=\"fusion-text fusion-text-1\" style=\"transform:translate3d(0,0,0);\"><p>Die FHNW ist eine der f\u00fchrenden Fachhochschulen in der Schweiz und ist mit ihren neun Hochschulen in der Lehre, Forschung, Weiterbildung und Dienstleistung t\u00e4tig \u2013 innovativ und praxisorientiert. Ihr breites Angebot an Studieng\u00e4ngen, ihre N\u00e4he zur Praxis, ihre anwendungsorientierte und innovationsstarke Forschung sowie ihre weltweite Vernetzung machen die FHNW zu einer attraktiven und vielf\u00e4ltigen Bildungsst\u00e4tte, zu einer nachgefragten Praxispartnerin und zu einer attraktiven Arbeitgeberin in der Nordwestschweiz. (Quelle: <a href=\"https:\/\/www.fhnw.ch\/\" target=\"_blank\" rel=\"noopener noreferrer\">fhnw.ch<\/a> )<\/p>\n<\/div><div class=\"fusion-clearfix\"><\/div><\/div><\/div><div class=\"fusion-layout-column fusion_builder_column fusion-builder-column-1 fusion_builder_column_1_4 1_4 fusion-one-fourth fusion-column-last\" style=\"width:25%;width:calc(25% - ( ( 4% ) * 0.25 ) );margin-top:0px;margin-bottom:20px;\"><div class=\"fusion-column-wrapper fusion-flex-column-wrapper-legacy\" style=\"background-position:left top;background-repeat:no-repeat;-webkit-background-size:cover;-moz-background-size:cover;-o-background-size:cover;background-size:cover;padding: 0px 0px 0px 0px;\"><span class=\" fusion-imageframe imageframe-none imageframe-1 hover-type-none\"><a class=\"fusion-no-lightbox\" href=\"https:\/\/www.fhnw.ch\" target=\"_blank\" aria-label=\"Fachhochschule Nordwestschweiz\" rel=\"noopener noreferrer\"><img width=\"156\" height=\"113\" src=\"http:\/\/k2prime.com\/wp-content\/uploads\/2018\/10\/client_fhnw.png\" class=\"img-responsive wp-image-753\"\/><\/a><\/span><div class=\"fusion-clearfix\"><\/div><\/div><\/div><\/div><\/div><div class=\"fusion-fullwidth fullwidth-box fusion-builder-row-2 nonhundred-percent-fullwidth non-hundred-percent-height-scrolling\" style=\"background-color: rgba(255,255,255,0);background-position: center center;background-repeat: no-repeat;padding-top:0px;padding-right:0px;padding-bottom:0px;padding-left:0px;margin-bottom: 0px;margin-top: 0px;border-width: 0px 0px 0px 0px;border-color:#eae9e9;border-style:solid;\" ><div class=\"fusion-builder-row fusion-row\"><div class=\"fusion-layout-column fusion_builder_column fusion-builder-column-2 fusion_builder_column_1_4 1_4 fusion-one-fourth fusion-column-first\" style=\"width:25%;width:calc(25% - ( ( 4% ) * 0.25 ) );margin-right: 4%;margin-top:0px;margin-bottom:20px;\"><div class=\"fusion-column-wrapper fusion-flex-column-wrapper-legacy\" style=\"background-position:left top;background-repeat:no-repeat;-webkit-background-size:cover;-moz-background-size:cover;-o-background-size:cover;background-size:cover;padding: 0px 0px 0px 0px;\"><span class=\" fusion-imageframe imageframe-none imageframe-2 hover-type-none\"><img width=\"512\" height=\"640\" title=\"Sebastian Linxen\" src=\"http:\/\/k2prime.com\/wp-content\/uploads\/2019\/04\/linxen.jpg\" class=\"img-responsive wp-image-1079\" srcset=\"https:\/\/k2prime.com\/wp-content\/uploads\/2019\/04\/linxen-200x250.jpg 200w, https:\/\/k2prime.com\/wp-content\/uploads\/2019\/04\/linxen-400x500.jpg 400w, https:\/\/k2prime.com\/wp-content\/uploads\/2019\/04\/linxen.jpg 512w\" sizes=\"(max-width: 800px) 100vw, 400px\" \/><\/span><div class=\"fusion-clearfix\"><\/div><\/div><\/div><div class=\"fusion-layout-column fusion_builder_column fusion-builder-column-3 fusion_builder_column_3_4 3_4 fusion-three-fourth fusion-column-last\" style=\"width:75%;width:calc(75% - ( ( 4% ) * 0.75 ) );margin-top:0px;margin-bottom:20px;\"><div class=\"fusion-column-wrapper fusion-flex-column-wrapper-legacy\" style=\"background-position:left top;background-repeat:no-repeat;-webkit-background-size:cover;-moz-background-size:cover;-o-background-size:cover;background-size:cover;padding: 0px 0px 0px 0px;\"><div class=\"fusion-testimonials classic fusion-testimonials-1\" data-random=\"0\" data-speed=\"4000\"><style type=\"text\/css\">#fusion-testimonials-1 a{border-color:#747474;}#fusion-testimonials-1 a:hover, #fusion-testimonials-1 .activeSlide{background-color: #747474;}.fusion-testimonials.classic.fusion-testimonials-1 .author:after{border-top-color:#f6f6f6 !important;}<\/style><div class=\"reviews\"><div class=\"review male\"><blockquote><q style=\"background-color:#f6f6f6;color:#747474;\" class=\"fusion-clearfix\">\n<h3>Mit BeAxi f\u00fchren wir Pr\u00fcfungen mit \u00fcber 300 Studierenden an mehreren Standorten gleichzeitig durch &#8211; und auch wenn das WLAN mal instabil sein sollte, k\u00f6nnen wir sicher sein, dass alle Daten gesichert sind und die Pr\u00fcfungen \u00fcberall gleichzeitig starten und enden &#8211; wir sind begeistert!<\/h3>\n<\/q><\/blockquote><div class=\"author\" style=\"color:#747474;\"><span class=\"testimonial-thumbnail doe\" style=\"color:#747474;\"><\/span><span class=\"company-name\"><strong>Sebastian Linxen<\/strong>, <span>Leiter learning.lab & Dozent, Hochschule f\u00fcr Wirtschaft FHNW<\/span><\/span><\/div><\/div><\/div><\/div><div class=\"fusion-clearfix\"><\/div><\/div><\/div><\/div><\/div><div class=\"fusion-fullwidth fullwidth-box fusion-builder-row-3 nonhundred-percent-fullwidth non-hundred-percent-height-scrolling\" style=\"background-color: rgba(255,255,255,0);background-position: center center;background-repeat: no-repeat;padding-top:0px;padding-right:0px;padding-bottom:0px;padding-left:0px;margin-bottom: 0px;margin-top: 0px;border-width: 0px 0px 0px 0px;border-color:#eae9e9;border-style:solid;\" ><div class=\"fusion-builder-row fusion-row\"><div class=\"fusion-layout-column fusion_builder_column fusion-builder-column-4 fusion_builder_column_3_4 3_4 fusion-three-fourth fusion-column-first\" style=\"width:75%;width:calc(75% - ( ( 4% ) * 0.75 ) );margin-right: 4%;margin-top:0px;margin-bottom:20px;\"><div class=\"fusion-column-wrapper fusion-flex-column-wrapper-legacy\" style=\"background-position:left top;background-repeat:no-repeat;-webkit-background-size:cover;-moz-background-size:cover;-o-background-size:cover;background-size:cover;padding: 0px 0px 0px 0px;\"><div class=\"fusion-testimonials classic fusion-testimonials-2\" data-random=\"0\" data-speed=\"4000\"><style type=\"text\/css\">#fusion-testimonials-2 a{border-color:#747474;}#fusion-testimonials-2 a:hover, #fusion-testimonials-2 .activeSlide{background-color: #747474;}.fusion-testimonials.classic.fusion-testimonials-2 .author:after{border-top-color:#f6f6f6 !important;}<\/style><div class=\"reviews\"><div class=\"review male\"><blockquote><q style=\"background-color:#f6f6f6;color:#747474;\" class=\"fusion-clearfix\">\n<h3>Seit 2015 setzen wir BeAxi an unserer Hochschule erfolgreich ein und konnten damit den Korrektur-Aufwand von Pr\u00fcfungen erheblich reduzieren. Die Software ist \u00e4usserst zuverl\u00e4ssig und erm\u00f6glicht uns, dank statistischer Auswertung, die Pr\u00fcfungsfragen kontinuierlich zu verbessern. Ausserdem geniesst BeAxi eine hohe Akzeptanz bei den Studierenden, was interne Umfragen zeigen.<\/h3>\n<\/q><\/blockquote><div class=\"author\" style=\"color:#747474;\"><span class=\"testimonial-thumbnail doe\" style=\"color:#747474;\"><\/span><span class=\"company-name\"><strong>Dr. Florian Br\u00fchlmann<\/strong>, <span>Koordinator Blended Learning, Hochschule f\u00fcr Angewandte Psychologie FHNW<\/span><\/span><\/div><\/div><\/div><\/div><div class=\"fusion-clearfix\"><\/div><\/div><\/div><div class=\"fusion-layout-column fusion_builder_column fusion-builder-column-5 fusion_builder_column_1_4 1_4 fusion-one-fourth fusion-column-last\" style=\"width:25%;width:calc(25% - ( ( 4% ) * 0.25 ) );margin-top:0px;margin-bottom:20px;\"><div class=\"fusion-column-wrapper fusion-flex-column-wrapper-legacy\" style=\"background-position:left top;background-repeat:no-repeat;-webkit-background-size:cover;-moz-background-size:cover;-o-background-size:cover;background-size:cover;padding: 0px 0px 0px 0px;\"><span class=\" fusion-imageframe imageframe-none imageframe-3 hover-type-none\"><img width=\"485\" height=\"607\" title=\"Dr. Florian Br\u00fchlmann\" src=\"http:\/\/k2prime.com\/wp-content\/uploads\/2019\/04\/bruehlmann.jpg\" class=\"img-responsive wp-image-1073\" srcset=\"https:\/\/k2prime.com\/wp-content\/uploads\/2019\/04\/bruehlmann-200x250.jpg 200w, https:\/\/k2prime.com\/wp-content\/uploads\/2019\/04\/bruehlmann-400x501.jpg 400w, https:\/\/k2prime.com\/wp-content\/uploads\/2019\/04\/bruehlmann.jpg 485w\" sizes=\"(max-width: 800px) 100vw, 400px\" \/><\/span><div class=\"fusion-clearfix\"><\/div><\/div><\/div><\/div><\/div><div class=\"fusion-fullwidth fullwidth-box fusion-builder-row-4 nonhundred-percent-fullwidth non-hundred-percent-height-scrolling\" style=\"background-color: rgba(255,255,255,0);background-position: center center;background-repeat: no-repeat;padding-top:0px;padding-right:0px;padding-bottom:0px;padding-left:0px;margin-bottom: 0px;margin-top: 0px;border-width: 0px 0px 0px 0px;border-color:#eae9e9;border-style:solid;\" ><div class=\"fusion-builder-row fusion-row\"><div class=\"fusion-layout-column fusion_builder_column fusion-builder-column-6 fusion_builder_column_1_1 1_1 fusion-one-full fusion-column-first fusion-column-last\" style=\"margin-top:0px;margin-bottom:20px;\"><div class=\"fusion-column-wrapper fusion-flex-column-wrapper-legacy\" style=\"background-position:left top;background-repeat:no-repeat;-webkit-background-size:cover;-moz-background-size:cover;-o-background-size:cover;background-size:cover;padding: 0px 0px 0px 0px;\"><div class=\"fusion-text fusion-text-2\" style=\"transform:translate3d(0,0,0);\"><h4>Leistungen K2Prime<\/h4>\n<ul>\n<li>Unterst\u00fctzung bei der Digitalisierung schriftlicher Pr\u00fcfungen<\/li>\n<li>Software-Individualisierung &amp; Schnittstellen-Entwicklung<\/li>\n<li>Schulung von Dozenten und Assistenten<\/li>\n<li>Vor-Ort-Support<\/li>\n<\/ul>\n<\/div><div class=\"fusion-clearfix\"><\/div><\/div><\/div><\/div><\/div><\/p>\n","protected":false},"excerpt":{"rendered":"","protected":false},"author":1,"featured_media":0,"parent":836,"menu_order":0,"comment_status":"closed","ping_status":"closed","template":"","meta":{"_monsterinsights_skip_tracking":false,"_monsterinsights_sitenote_active":false,"_monsterinsights_sitenote_note":"","_monsterinsights_sitenote_category":0,"spay_email":""},"categories":[22],"tags":[],"yoast_head":"<!-- This site is optimized with the Yoast SEO plugin v15.9 - https:\/\/yoast.com\/wordpress\/plugins\/seo\/ -->\n<title>Fachhochschule Nordwestschweiz - K2Prime<\/title>\n<meta name=\"robots\" content=\"index, follow, max-snippet:-1, max-image-preview:large, max-video-preview:-1\" \/>\n<link rel=\"canonical\" href=\"https:\/\/k2prime.com\/de\/referenzen\/fachhochschule-nordwestschweiz\/\" \/>\n<meta property=\"og:locale\" content=\"de_DE\" \/>\n<meta property=\"og:type\" content=\"article\" \/>\n<meta property=\"og:title\" content=\"Fachhochschule Nordwestschweiz - K2Prime\" \/>\n<meta property=\"og:url\" content=\"https:\/\/k2prime.com\/de\/referenzen\/fachhochschule-nordwestschweiz\/\" \/>\n<meta property=\"og:site_name\" content=\"K2Prime\" \/>\n<meta property=\"article:modified_time\" content=\"2019-04-16T09:56:47+00:00\" \/>\n<meta name=\"twitter:card\" content=\"summary_large_image\" \/>\n<meta name=\"twitter:label1\" content=\"Gesch\u00e4tzte Lesezeit\">\n\t<meta name=\"twitter:data1\" content=\"8\u00a0Minuten\">\n<script type=\"application\/ld+json\" class=\"yoast-schema-graph\">{\"@context\":\"https:\/\/schema.org\",\"@graph\":[{\"@type\":\"Organization\",\"@id\":\"https:\/\/k2prime.com\/#organization\",\"name\":\"K2Prime GmbH\",\"url\":\"https:\/\/k2prime.com\/\",\"sameAs\":[],\"logo\":{\"@type\":\"ImageObject\",\"@id\":\"https:\/\/k2prime.com\/#logo\",\"inLanguage\":\"de\",\"url\":\"https:\/\/k2prime.com\/wp-content\/uploads\/layerslider\/Home\/k2prime_logo_1500x585.png\",\"width\":1500,\"height\":585,\"caption\":\"K2Prime GmbH\"},\"image\":{\"@id\":\"https:\/\/k2prime.com\/#logo\"}},{\"@type\":\"WebSite\",\"@id\":\"https:\/\/k2prime.com\/#website\",\"url\":\"https:\/\/k2prime.com\/\",\"name\":\"K2Prime\",\"description\":\"\",\"publisher\":{\"@id\":\"https:\/\/k2prime.com\/#organization\"},\"potentialAction\":[{\"@type\":\"SearchAction\",\"target\":\"https:\/\/k2prime.com\/?s={search_term_string}\",\"query-input\":\"required name=search_term_string\"}],\"inLanguage\":\"de\"},{\"@type\":\"WebPage\",\"@id\":\"https:\/\/k2prime.com\/de\/referenzen\/fachhochschule-nordwestschweiz\/#webpage\",\"url\":\"https:\/\/k2prime.com\/de\/referenzen\/fachhochschule-nordwestschweiz\/\",\"name\":\"Fachhochschule Nordwestschweiz - K2Prime\",\"isPartOf\":{\"@id\":\"https:\/\/k2prime.com\/#website\"},\"datePublished\":\"2019-03-29T17:20:31+00:00\",\"dateModified\":\"2019-04-16T09:56:47+00:00\",\"breadcrumb\":{\"@id\":\"https:\/\/k2prime.com\/de\/referenzen\/fachhochschule-nordwestschweiz\/#breadcrumb\"},\"inLanguage\":\"de\",\"potentialAction\":[{\"@type\":\"ReadAction\",\"target\":[\"https:\/\/k2prime.com\/de\/referenzen\/fachhochschule-nordwestschweiz\/\"]}]},{\"@type\":\"BreadcrumbList\",\"@id\":\"https:\/\/k2prime.com\/de\/referenzen\/fachhochschule-nordwestschweiz\/#breadcrumb\",\"itemListElement\":[{\"@type\":\"ListItem\",\"position\":1,\"item\":{\"@type\":\"WebPage\",\"@id\":\"https:\/\/k2prime.com\/\",\"url\":\"https:\/\/k2prime.com\/\",\"name\":\"Home\"}},{\"@type\":\"ListItem\",\"position\":2,\"item\":{\"@type\":\"WebPage\",\"@id\":\"https:\/\/k2prime.com\/en\/referenzen\/\",\"url\":\"https:\/\/k2prime.com\/en\/referenzen\/\",\"name\":\"Referenzen\"}},{\"@type\":\"ListItem\",\"position\":3,\"item\":{\"@type\":\"WebPage\",\"@id\":\"https:\/\/k2prime.com\/de\/referenzen\/fachhochschule-nordwestschweiz\/\",\"url\":\"https:\/\/k2prime.com\/de\/referenzen\/fachhochschule-nordwestschweiz\/\",\"name\":\"Fachhochschule Nordwestschweiz\"}}]}]}<\/script>\n<!-- \/ Yoast SEO plugin. -->","jetpack_sharing_enabled":true,"jetpack_shortlink":"https:\/\/wp.me\/P9pl96-dO","_links":{"self":[{"href":"https:\/\/k2prime.com\/de\/wp-json\/wp\/v2\/pages\/856"}],"collection":[{"href":"https:\/\/k2prime.com\/de\/wp-json\/wp\/v2\/pages"}],"about":[{"href":"https:\/\/k2prime.com\/de\/wp-json\/wp\/v2\/types\/page"}],"author":[{"embeddable":true,"href":"https:\/\/k2prime.com\/de\/wp-json\/wp\/v2\/users\/1"}],"replies":[{"embeddable":true,"href":"https:\/\/k2prime.com\/de\/wp-json\/wp\/v2\/comments?post=856"}],"version-history":[{"count":11,"href":"https:\/\/k2prime.com\/de\/wp-json\/wp\/v2\/pages\/856\/revisions"}],"predecessor-version":[{"id":1087,"href":"https:\/\/k2prime.com\/de\/wp-json\/wp\/v2\/pages\/856\/revisions\/1087"}],"up":[{"embeddable":true,"href":"https:\/\/k2prime.com\/de\/wp-json\/wp\/v2\/pages\/836"}],"wp:attachment":[{"href":"https:\/\/k2prime.com\/de\/wp-json\/wp\/v2\/media?parent=856"}],"wp:term":[{"taxonomy":"category","embeddable":true,"href":"https:\/\/k2prime.com\/de\/wp-json\/wp\/v2\/categories?post=856"},{"taxonomy":"post_tag","embeddable":true,"href":"https:\/\/k2prime.com\/de\/wp-json\/wp\/v2\/tags?post=856"}],"curies":[{"name":"wp","href":"https:\/\/api.w.org\/{rel}","templated":true}]}}