{"id":1475,"date":"2020-01-27T10:20:55","date_gmt":"2020-01-27T09:20:55","guid":{"rendered":"http:\/\/k2prime.com\/?page_id=1475"},"modified":"2020-01-27T10:23:24","modified_gmt":"2020-01-27T09:23:24","slug":"swiss-society-for-radiation-oncology","status":"publish","type":"page","link":"https:\/\/k2prime.com\/en\/referenzen\/swiss-society-for-radiation-oncology\/","title":{"rendered":"Swiss Society for Radiation Oncology"},"content":{"rendered":"<p><div class=\"fusion-fullwidth fullwidth-box fusion-builder-row-1 nonhundred-percent-fullwidth non-hundred-percent-height-scrolling\" style=\"background-color: rgba(255,255,255,0);background-position: center center;background-repeat: no-repeat;padding-top:0px;padding-right:0px;padding-bottom:0px;padding-left:0px;margin-bottom: 0px;margin-top: 0px;border-width: 0px 0px 0px 0px;border-color:#eae9e9;border-style:solid;\" ><div class=\"fusion-builder-row fusion-row\"><div class=\"fusion-layout-column fusion_builder_column fusion-builder-column-0 fusion_builder_column_3_4 3_4 fusion-three-fourth fusion-column-first\" style=\"width:75%;width:calc(75% - ( ( 4% ) * 0.75 ) );margin-right: 4%;margin-top:0px;margin-bottom:20px;\"><div class=\"fusion-column-wrapper fusion-flex-column-wrapper-legacy\" style=\"background-position:left top;background-repeat:no-repeat;-webkit-background-size:cover;-moz-background-size:cover;-o-background-size:cover;background-size:cover;padding: 0px 0px 0px 0px;\"><style type=\"text\/css\"><\/style><div class=\"fusion-title title fusion-title-1 fusion-sep-none fusion-title-text fusion-title-size-two\" style=\"margin-top:45px;margin-bottom:31px;\"><h2 class=\"title-heading-left\" style=\"margin:0;\">Swiss Society for Radiation Oncology<\/h2><\/div><div class=\"fusion-text fusion-text-1\" style=\"transform:translate3d(0,0,0);\"><p>The Swiss Society of Radiation Oncology SRO is the professional association of Swiss radiation oncologists. Our mission is to serve patients to the best of our ability by assuring and advancing the quality of radiation oncology. We represent the interests of radiation oncologists in professional and political matters. One of our core responsibilities is to ensure and promote postgraduate and continuous medical training for radiation oncologists. We aim to strengthen the community and serve as the leading platform for radiation oncologists in Switzerland. (Quelle: <a href=\"https:\/\/www.sro-ssro.ch\">sro-ssro.ch<\/a> )<\/p>\n<\/div><div class=\"fusion-clearfix\"><\/div><\/div><\/div><div class=\"fusion-layout-column fusion_builder_column fusion-builder-column-1 fusion_builder_column_1_4 1_4 fusion-one-fourth fusion-column-last\" style=\"width:25%;width:calc(25% - ( ( 4% ) * 0.25 ) );margin-top:0px;margin-bottom:20px;\"><div class=\"fusion-column-wrapper fusion-flex-column-wrapper-legacy\" style=\"background-position:left top;background-repeat:no-repeat;-webkit-background-size:cover;-moz-background-size:cover;-o-background-size:cover;background-size:cover;padding: 0px 0px 0px 0px;\"><span class=\" fusion-imageframe imageframe-none imageframe-1 hover-type-none\"><a class=\"fusion-no-lightbox\" href=\"http:\/\/web.ecpm.ch\" target=\"_blank\" aria-label=\"SRO Logo\" rel=\"noopener noreferrer\"><img width=\"156\" height=\"113\" alt=\"SRO Logo\" src=\"http:\/\/k2prime.com\/wp-content\/uploads\/2020\/01\/sro_logo.png\" class=\"img-responsive wp-image-1476\"\/><\/a><\/span><div class=\"fusion-clearfix\"><\/div><\/div><\/div><\/div><\/div><div class=\"fusion-fullwidth fullwidth-box fusion-builder-row-2 nonhundred-percent-fullwidth non-hundred-percent-height-scrolling\" style=\"background-color: rgba(255,255,255,0);background-position: center center;background-repeat: no-repeat;padding-top:0px;padding-right:0px;padding-bottom:0px;padding-left:0px;margin-bottom: 0px;margin-top: 0px;border-width: 0px 0px 0px 0px;border-color:#eae9e9;border-style:solid;\" ><div class=\"fusion-builder-row fusion-row\"><div class=\"fusion-layout-column fusion_builder_column fusion-builder-column-2 fusion_builder_column_1_4 1_4 fusion-one-fourth fusion-column-first\" style=\"width:25%;width:calc(25% - ( ( 4% ) * 0.25 ) );margin-right: 4%;margin-top:0px;margin-bottom:20px;\"><div class=\"fusion-column-wrapper fusion-flex-column-wrapper-legacy\" style=\"background-position:left top;background-repeat:no-repeat;-webkit-background-size:cover;-moz-background-size:cover;-o-background-size:cover;background-size:cover;padding: 0px 0px 0px 0px;\"><span class=\" fusion-imageframe imageframe-none imageframe-2 hover-type-none\"><img width=\"601\" height=\"844\" alt=\"Frank Zimmermann\" title=\"Frank Zimmermann\" src=\"http:\/\/k2prime.com\/wp-content\/uploads\/2020\/01\/zimmermann_sro.jpg\" class=\"img-responsive wp-image-1482\" srcset=\"https:\/\/k2prime.com\/wp-content\/uploads\/2020\/01\/zimmermann_sro-200x281.jpg 200w, https:\/\/k2prime.com\/wp-content\/uploads\/2020\/01\/zimmermann_sro-400x562.jpg 400w, https:\/\/k2prime.com\/wp-content\/uploads\/2020\/01\/zimmermann_sro.jpg 601w\" sizes=\"(max-width: 800px) 100vw, 400px\" \/><\/span><div class=\"fusion-clearfix\"><\/div><\/div><\/div><div class=\"fusion-layout-column fusion_builder_column fusion-builder-column-3 fusion_builder_column_3_4 3_4 fusion-three-fourth fusion-column-last\" style=\"width:75%;width:calc(75% - ( ( 4% ) * 0.75 ) );margin-top:0px;margin-bottom:20px;\"><div class=\"fusion-column-wrapper fusion-flex-column-wrapper-legacy\" style=\"background-position:left top;background-repeat:no-repeat;-webkit-background-size:cover;-moz-background-size:cover;-o-background-size:cover;background-size:cover;padding: 0px 0px 0px 0px;\"><div class=\"fusion-testimonials classic fusion-testimonials-1\" data-random=\"0\" data-speed=\"4000\"><style type=\"text\/css\">#fusion-testimonials-1 a{border-color:#747474;}#fusion-testimonials-1 a:hover, #fusion-testimonials-1 .activeSlide{background-color: #747474;}.fusion-testimonials.classic.fusion-testimonials-1 .author:after{border-top-color:#f6f6f6 !important;}<\/style><div class=\"reviews\"><div class=\"review male\"><blockquote><q style=\"background-color:#f6f6f6;color:#747474;\" class=\"fusion-clearfix\">\n<h3>Die j\u00e4hrliche Facharztpr\u00fcfung ist f\u00fcr alle Beteiligten \u2013 Pr\u00fcflinge, Expertinnen und Experten, Vertretungen der Fachgesellschaft und des BAG \u2013 eine enorme Herausforderung. Wir sind daher sehr froh, uns auf einen kompetenten Partner wie K2Prime verlassen zu k\u00f6nnen. Mit BeAxi sind wir w\u00e4hrend der Durchf\u00fchrung der Multiple-Choice-Pr\u00fcfung entspannt &#8211; das System ist einfach verst\u00e4ndlich und intuitiv in der Handhabung, unsere Daten sind doppelt gesichert und die Auswertung gelingt rasch und pr\u00e4zise, erh\u00f6ht die Sicherheit und erspart uns enorm viel Zeit. Die R\u00fcckmeldung aller Kolleginnen und Kollegen aus der letztj\u00e4hrigen Pr\u00fcfung war \u00e4ussert positiv!<\/h3>\n<\/q><\/blockquote><div class=\"author\" style=\"color:#747474;\"><span class=\"testimonial-thumbnail doe\" style=\"color:#747474;\"><\/span><span class=\"company-name\"><strong>Prof. Dr. Frank Zimmermann<\/strong>, <span>Co-President of Medical Education Commission<\/span><\/span><\/div><\/div><\/div><\/div><div class=\"fusion-clearfix\"><\/div><\/div><\/div><\/div><\/div><div class=\"fusion-fullwidth fullwidth-box fusion-builder-row-3 nonhundred-percent-fullwidth non-hundred-percent-height-scrolling\" style=\"background-color: rgba(255,255,255,0);background-position: center center;background-repeat: no-repeat;padding-top:0px;padding-right:0px;padding-bottom:0px;padding-left:0px;margin-bottom: 0px;margin-top: 0px;border-width: 0px 0px 0px 0px;border-color:#eae9e9;border-style:solid;\" ><div class=\"fusion-builder-row fusion-row\"><div class=\"fusion-layout-column fusion_builder_column fusion-builder-column-4 fusion_builder_column_1_1 1_1 fusion-one-full fusion-column-first fusion-column-last\" style=\"margin-top:0px;margin-bottom:20px;\"><div class=\"fusion-column-wrapper fusion-flex-column-wrapper-legacy\" style=\"background-position:left top;background-repeat:no-repeat;-webkit-background-size:cover;-moz-background-size:cover;-o-background-size:cover;background-size:cover;padding: 0px 0px 0px 0px;\"><div class=\"fusion-text fusion-text-2\" style=\"transform:translate3d(0,0,0);\"><h4>Leistungen K2Prime<\/h4>\n<ul>\n<li>Unterst\u00fctzung bei der Digitalisierung schriftlicher Pr\u00fcfungen<\/li>\n<li>Vor-Ort-Support<\/li>\n<li>Ger\u00e4te-Installation<\/li>\n<\/ul>\n<\/div><div class=\"fusion-clearfix\"><\/div><\/div><\/div><\/div><\/div><\/p>\n","protected":false},"excerpt":{"rendered":"","protected":false},"author":1,"featured_media":0,"parent":836,"menu_order":0,"comment_status":"closed","ping_status":"closed","template":"","meta":{"_monsterinsights_skip_tracking":false,"_monsterinsights_sitenote_active":false,"_monsterinsights_sitenote_note":"","_monsterinsights_sitenote_category":0,"spay_email":""},"categories":[],"tags":[],"yoast_head":"<!-- This site is optimized with the Yoast SEO plugin v15.9 - https:\/\/yoast.com\/wordpress\/plugins\/seo\/ -->\n<title>Swiss Society for Radiation Oncology - K2Prime<\/title>\n<meta name=\"robots\" content=\"index, follow, max-snippet:-1, max-image-preview:large, max-video-preview:-1\" \/>\n<link rel=\"canonical\" href=\"https:\/\/k2prime.com\/en\/referenzen\/swiss-society-for-radiation-oncology\/\" \/>\n<meta property=\"og:locale\" content=\"en_US\" \/>\n<meta property=\"og:type\" content=\"article\" \/>\n<meta property=\"og:title\" content=\"Swiss Society for Radiation Oncology - K2Prime\" \/>\n<meta property=\"og:url\" content=\"https:\/\/k2prime.com\/en\/referenzen\/swiss-society-for-radiation-oncology\/\" \/>\n<meta property=\"og:site_name\" content=\"K2Prime\" \/>\n<meta property=\"article:modified_time\" content=\"2020-01-27T09:23:24+00:00\" \/>\n<meta name=\"twitter:card\" content=\"summary_large_image\" \/>\n<meta name=\"twitter:label1\" content=\"Est. reading time\">\n\t<meta name=\"twitter:data1\" content=\"7 minutes\">\n<script type=\"application\/ld+json\" class=\"yoast-schema-graph\">{\"@context\":\"https:\/\/schema.org\",\"@graph\":[{\"@type\":\"Organization\",\"@id\":\"https:\/\/k2prime.com\/#organization\",\"name\":\"K2Prime GmbH\",\"url\":\"https:\/\/k2prime.com\/\",\"sameAs\":[],\"logo\":{\"@type\":\"ImageObject\",\"@id\":\"https:\/\/k2prime.com\/#logo\",\"inLanguage\":\"en-US\",\"url\":\"https:\/\/k2prime.com\/wp-content\/uploads\/layerslider\/Home\/k2prime_logo_1500x585.png\",\"width\":1500,\"height\":585,\"caption\":\"K2Prime GmbH\"},\"image\":{\"@id\":\"https:\/\/k2prime.com\/#logo\"}},{\"@type\":\"WebSite\",\"@id\":\"https:\/\/k2prime.com\/#website\",\"url\":\"https:\/\/k2prime.com\/\",\"name\":\"K2Prime\",\"description\":\"\",\"publisher\":{\"@id\":\"https:\/\/k2prime.com\/#organization\"},\"potentialAction\":[{\"@type\":\"SearchAction\",\"target\":\"https:\/\/k2prime.com\/?s={search_term_string}\",\"query-input\":\"required name=search_term_string\"}],\"inLanguage\":\"en-US\"},{\"@type\":\"WebPage\",\"@id\":\"https:\/\/k2prime.com\/en\/referenzen\/swiss-society-for-radiation-oncology\/#webpage\",\"url\":\"https:\/\/k2prime.com\/en\/referenzen\/swiss-society-for-radiation-oncology\/\",\"name\":\"Swiss Society for Radiation Oncology - K2Prime\",\"isPartOf\":{\"@id\":\"https:\/\/k2prime.com\/#website\"},\"datePublished\":\"2020-01-27T09:20:55+00:00\",\"dateModified\":\"2020-01-27T09:23:24+00:00\",\"breadcrumb\":{\"@id\":\"https:\/\/k2prime.com\/en\/referenzen\/swiss-society-for-radiation-oncology\/#breadcrumb\"},\"inLanguage\":\"en-US\",\"potentialAction\":[{\"@type\":\"ReadAction\",\"target\":[\"https:\/\/k2prime.com\/en\/referenzen\/swiss-society-for-radiation-oncology\/\"]}]},{\"@type\":\"BreadcrumbList\",\"@id\":\"https:\/\/k2prime.com\/en\/referenzen\/swiss-society-for-radiation-oncology\/#breadcrumb\",\"itemListElement\":[{\"@type\":\"ListItem\",\"position\":1,\"item\":{\"@type\":\"WebPage\",\"@id\":\"https:\/\/k2prime.com\/\",\"url\":\"https:\/\/k2prime.com\/\",\"name\":\"Home\"}},{\"@type\":\"ListItem\",\"position\":2,\"item\":{\"@type\":\"WebPage\",\"@id\":\"https:\/\/k2prime.com\/en\/referenzen\/\",\"url\":\"https:\/\/k2prime.com\/en\/referenzen\/\",\"name\":\"Referenzen\"}},{\"@type\":\"ListItem\",\"position\":3,\"item\":{\"@type\":\"WebPage\",\"@id\":\"https:\/\/k2prime.com\/en\/referenzen\/swiss-society-for-radiation-oncology\/\",\"url\":\"https:\/\/k2prime.com\/en\/referenzen\/swiss-society-for-radiation-oncology\/\",\"name\":\"Swiss Society for Radiation Oncology\"}}]}]}<\/script>\n<!-- \/ Yoast SEO plugin. -->","jetpack_sharing_enabled":true,"jetpack_shortlink":"https:\/\/wp.me\/P9pl96-nN","_links":{"self":[{"href":"https:\/\/k2prime.com\/en\/wp-json\/wp\/v2\/pages\/1475"}],"collection":[{"href":"https:\/\/k2prime.com\/en\/wp-json\/wp\/v2\/pages"}],"about":[{"href":"https:\/\/k2prime.com\/en\/wp-json\/wp\/v2\/types\/page"}],"author":[{"embeddable":true,"href":"https:\/\/k2prime.com\/en\/wp-json\/wp\/v2\/users\/1"}],"replies":[{"embeddable":true,"href":"https:\/\/k2prime.com\/en\/wp-json\/wp\/v2\/comments?post=1475"}],"version-history":[{"count":2,"href":"https:\/\/k2prime.com\/en\/wp-json\/wp\/v2\/pages\/1475\/revisions"}],"predecessor-version":[{"id":1483,"href":"https:\/\/k2prime.com\/en\/wp-json\/wp\/v2\/pages\/1475\/revisions\/1483"}],"up":[{"embeddable":true,"href":"https:\/\/k2prime.com\/en\/wp-json\/wp\/v2\/pages\/836"}],"wp:attachment":[{"href":"https:\/\/k2prime.com\/en\/wp-json\/wp\/v2\/media?parent=1475"}],"wp:term":[{"taxonomy":"category","embeddable":true,"href":"https:\/\/k2prime.com\/en\/wp-json\/wp\/v2\/categories?post=1475"},{"taxonomy":"post_tag","embeddable":true,"href":"https:\/\/k2prime.com\/en\/wp-json\/wp\/v2\/tags?post=1475"}],"curies":[{"name":"wp","href":"https:\/\/api.w.org\/{rel}","templated":true}]}}