{"id":250,"date":"2015-08-19T04:23:47","date_gmt":"2015-08-19T04:23:47","guid":{"rendered":"http:\/\/k2prime.com\/wordpress\/?page_id=2"},"modified":"2020-12-17T10:32:45","modified_gmt":"2020-12-17T09:32:45","slug":"sample-page-2","status":"publish","type":"page","link":"https:\/\/k2prime.com\/en\/","title":{"rendered":"Home"},"content":{"rendered":"<p><div class=\"fusion-fullwidth fullwidth-box fusion-builder-row-1 nonhundred-percent-fullwidth non-hundred-percent-height-scrolling\" style=\"background-color: rgba(255,255,255,0);background-position: center center;background-repeat: no-repeat;padding-top:0px;padding-right:0px;padding-bottom:0px;padding-left:0px;margin-bottom: 0px;margin-top: 20px;border-width: 0px 0px 0px 0px;border-color:#eae9e9;border-style:solid;\" ><div class=\"fusion-builder-row fusion-row\"><div class=\"fusion-layout-column fusion_builder_column fusion-builder-column-0 fusion_builder_column_1_1 1_1 fusion-one-full fusion-column-first fusion-column-last fusion-column-no-min-height\" style=\"margin-top:0px;margin-bottom:0px;\"><div class=\"fusion-column-wrapper fusion-flex-column-wrapper-legacy\" style=\"background-position:left top;background-repeat:no-repeat;-webkit-background-size:cover;-moz-background-size:cover;-o-background-size:cover;background-size:cover;padding: 0px 0px 0px 0px;\"><div class=\"fusion-sep-clear\"><\/div><div class=\"fusion-separator fusion-full-width-sep\" style=\"margin-left: auto;margin-right: auto;margin-top:10px;margin-bottom:10px;width:100%;\"><\/div><div class=\"fusion-sep-clear\"><\/div><div class=\"fusion-clearfix\"><\/div><\/div><\/div><\/div><\/div><div class=\"fusion-fullwidth fullwidth-box fusion-builder-row-2 nonhundred-percent-fullwidth non-hundred-percent-height-scrolling\" style=\"background-color: rgba(255,255,255,0);background-position: center center;background-repeat: no-repeat;padding-top:0px;padding-right:0px;padding-bottom:0px;padding-left:0px;margin-bottom: 0px;margin-top: 20px;border-width: 0px 0px 0px 0px;border-color:#eae9e9;border-style:solid;\" ><div class=\"fusion-builder-row fusion-row\"><div class=\"fusion-layout-column fusion_builder_column fusion-builder-column-1 fusion_builder_column_1_2 1_2 fusion-one-half fusion-column-first\" style=\"width:50%;width:calc(50% - ( ( 4% ) * 0.5 ) );margin-right: 4%;margin-top:0px;margin-bottom:20px;\"><div class=\"fusion-column-wrapper fusion-flex-column-wrapper-legacy\" style=\"background-position:left top;background-blend-mode: overlay;background-repeat:no-repeat;-webkit-background-size:cover;-moz-background-size:cover;-o-background-size:cover;background-size:cover;padding: 0px 0px 0px 0px;\"><style type=\"text\/css\"><\/style><div class=\"fusion-title title fusion-title-1 fusion-title-text fusion-title-size-two\" style=\"margin-top:0px;margin-bottom:31px;\"><h2 class=\"title-heading-left\" style=\"margin:0;\">Welcome To K2Prime<\/h2><div class=\"title-sep-container\"><div class=\"title-sep sep-double sep-solid\" style=\"border-color:#e0dede;\"><\/div><\/div><\/div><div class=\"fusion-text fusion-text-1\" style=\"transform:translate3d(0,0,0);\"><p>We are your contact for <a href=\"http:\/\/k2prime.com\/beaxi\/\">BeAxi &#8211; The All-In-One iPad-Solution for E-Assessment<\/a>. We stand for prime solutions and with our several years&#8217; experience in e-assessment, we support you on your way to mobile tablet-based e-exams.<\/p>\n<\/div><style type=\"text\/css\"><\/style><div class=\"fusion-title title fusion-title-2 fusion-title-text fusion-title-size-two\" style=\"margin-top:0px;margin-bottom:31px;\"><h2 class=\"title-heading-left\" style=\"margin:0;\">Opening times during the holidays<\/h2><div class=\"title-sep-container\"><div class=\"title-sep sep-double sep-solid\" style=\"border-color:#e0dede;\"><\/div><\/div><\/div><div class=\"fusion-text fusion-text-2\" style=\"transform:translate3d(0,0,0);\"><p>Please note that our offices will be closed <b>from December 21 to January 3<\/b>. We will be back for you from January 4, 2021.<\/p>\n<\/div><div class=\"fusion-sep-clear\"><\/div><div class=\"fusion-separator fusion-full-width-sep\" style=\"margin-left: auto;margin-right: auto;margin-bottom:50px;width:100%;\"><\/div><div class=\"fusion-sep-clear\"><\/div><div class=\"fusion-clearfix\"><\/div><\/div><\/div><div class=\"fusion-layout-column fusion_builder_column fusion-builder-column-2 fusion_builder_column_1_2 1_2 fusion-one-half fusion-column-last\" style=\"width:50%;width:calc(50% - ( ( 4% ) * 0.5 ) );margin-top:0px;margin-bottom:20px;\"><div class=\"fusion-column-wrapper fusion-flex-column-wrapper-legacy\" style=\"background-position:left top;background-blend-mode: overlay;background-repeat:no-repeat;-webkit-background-size:cover;-moz-background-size:cover;-o-background-size:cover;background-size:cover;padding: 0px 0px 0px 0px;\"><style type='text\/css'>.reading-box-container-1 .element-bottomshadow:before,.reading-box-container-1 .element-bottomshadow:after{opacity:0.10;}<\/style><div class=\"fusion-reading-box-container reading-box-container-1\" style=\"margin-top:0px;margin-bottom:84px;\"><div class=\"reading-box\" style=\"background-color:#f6f6f6;border-width:1px;border-color:#f6f6f6;border-top-width:3px;border-top-color:var(--primary_color);border-style:solid;\"><div class=\"fusion-reading-box-flex\"><h2>BeAxi - The All-In-One iPad-Solution For E-Assessments<\/h2><a class=\"button fusion-button button-default fusion-button-large button-large button-flat fusion-desktop-button fusion-tagline-button continue continue-right\" style=\"-webkit-box-shadow:none;-moz-box-shadow:none;box-shadow:none;border-radius:2px;\" href=\"http:\/\/k2prime.com\/beaxi\/\" target=\"_self\"><span>BeAxi E-Assessment<\/span><\/a><\/div><a class=\"button fusion-button button-default fusion-button-large button-large button-flat fusion-mobile-button continue-right\" style=\"-webkit-box-shadow:none;-moz-box-shadow:none;box-shadow:none;border-radius:2px;\" href=\"http:\/\/k2prime.com\/beaxi\/\" target=\"_self\"><span>BeAxi E-Assessment<\/span><\/a><\/div><\/div><div class=\"fusion-clearfix\"><\/div><\/div><\/div><\/div><\/div><div class=\"fusion-fullwidth fullwidth-box fusion-builder-row-3 nonhundred-percent-fullwidth non-hundred-percent-height-scrolling\" style=\"background-color: rgba(255,255,255,0);background-position: center center;background-repeat: no-repeat;padding-top:0px;padding-right:0px;padding-bottom:0px;padding-left:0px;margin-bottom: 0px;margin-top: -40px;border-width: 0px 0px 0px 0px;border-color:#eae9e9;border-style:solid;\" ><div class=\"fusion-builder-row fusion-row\"><div class=\"fusion-layout-column fusion_builder_column fusion-builder-column-3 fusion_builder_column_1_1 1_1 fusion-one-full fusion-column-first fusion-column-last\" style=\"margin-top:-20px;margin-bottom:20px;\"><div class=\"fusion-column-wrapper fusion-flex-column-wrapper-legacy\" style=\"background-position:left top;background-repeat:no-repeat;-webkit-background-size:cover;-moz-background-size:cover;-o-background-size:cover;background-size:cover;padding: 0px 0px 0px 0px;\"><style type=\"text\/css\"><\/style><div class=\"fusion-title title fusion-title-3 fusion-title-text fusion-title-size-two\" style=\"margin-top:0px;margin-bottom:31px;\"><h2 class=\"title-heading-left\" style=\"margin:0;\">Latest From The Blog<\/h2><div class=\"title-sep-container\"><div class=\"title-sep sep-double sep-solid\" style=\"border-color:#e0dede;\"><\/div><\/div><\/div><div class=\"fusion-recent-posts fusion-recent-posts-1 avada-container layout-default layout-columns-3\"><section class=\"fusion-columns columns fusion-columns-3 columns-3\"><article class=\"post fusion-column column col col-lg-4 col-md-4 col-sm-4\"><div class=\"fusion-flexslider fusion-flexslider-loading flexslider flexslider-hover-type-zoomin\"><ul class=\"slides\"><li><a href=\"https:\/\/k2prime.com\/en\/2020\/10\/beaxi-ready-for-ipados-14\/\" aria-label=\"BeAxi ready for iPadOS 14\" class=\"hover-type-zoomin\"><img width=\"700\" height=\"441\" src=\"https:\/\/k2prime.com\/wp-content\/uploads\/2020\/09\/ios-14-check-700x441.png\" class=\"attachment-recent-posts size-recent-posts\" alt=\"iPadOS 14 ready\" srcset=\"https:\/\/k2prime.com\/wp-content\/uploads\/2020\/09\/ios-14-check-320x202.png 320w, https:\/\/k2prime.com\/wp-content\/uploads\/2020\/09\/ios-14-check-700x441.png 700w\" sizes=\"(max-width: 700px) 100vw, 700px\" \/><\/a><\/li><\/ul><\/div><div class=\"recent-posts-content\"><span class=\"vcard\" style=\"display: none;\"><span class=\"fn\"><a href=\"https:\/\/k2prime.com\/en\/author\/k2p\/\" title=\"Posts by k2p\" rel=\"author\">k2p<\/a><\/span><\/span><span class=\"updated\" style=\"display:none;\">2020-09-25T16:29:16+00:00<\/span><h4 class=\"entry-title\"><a href=\"https:\/\/k2prime.com\/en\/2020\/10\/beaxi-ready-for-ipados-14\/\">BeAxi ready for iPadOS 14<\/a><\/h4><p class=\"meta\"><span class=\"vcard\" style=\"display: none;\"><span class=\"fn\"><a href=\"https:\/\/k2prime.com\/en\/author\/k2p\/\" title=\"Posts by k2p\" rel=\"author\">k2p<\/a><\/span><\/span><span class=\"updated\" style=\"display:none;\">2020-09-25T16:29:16+00:00<\/span><span>October 2nd, 2020<\/span><span class=\"fusion-inline-sep\">|<\/span><\/p><p>We are pleased to inform you that BeAxi E-Assessment is compatible with iPadOS 14 and there is nothing that stands [...]<\/p><\/div><\/article><article class=\"post fusion-column column col col-lg-4 col-md-4 col-sm-4\"><div class=\"fusion-flexslider fusion-flexslider-loading flexslider flexslider-hover-type-zoomin\"><ul class=\"slides\"><li><a href=\"https:\/\/k2prime.com\/en\/2020\/09\/ipad-ausleihe-fur-elektronische-prufungen\/\" aria-label=\"iPad-Ausleihe f\u00fcr elektronische Pr\u00fcfungen\" class=\"hover-type-zoomin\"><img width=\"700\" height=\"441\" src=\"https:\/\/k2prime.com\/wp-content\/uploads\/2020\/09\/beaxi_anykey_koffer-700x441.jpg\" class=\"attachment-recent-posts size-recent-posts\" alt=\"iPad-Ausleih-Koffer\" srcset=\"https:\/\/k2prime.com\/wp-content\/uploads\/2020\/09\/beaxi_anykey_koffer-320x202.jpg 320w, https:\/\/k2prime.com\/wp-content\/uploads\/2020\/09\/beaxi_anykey_koffer-700x441.jpg 700w\" sizes=\"(max-width: 700px) 100vw, 700px\" \/><\/a><\/li><\/ul><\/div><div class=\"recent-posts-content\"><span class=\"vcard\" style=\"display: none;\"><span class=\"fn\"><a href=\"https:\/\/k2prime.com\/en\/author\/k2p\/\" title=\"Posts by k2p\" rel=\"author\">k2p<\/a><\/span><\/span><span class=\"updated\" style=\"display:none;\">2020-09-08T08:08:58+00:00<\/span><h4 class=\"entry-title\"><a href=\"https:\/\/k2prime.com\/en\/2020\/09\/ipad-ausleihe-fur-elektronische-prufungen\/\">iPad-Ausleihe f\u00fcr elektronische Pr\u00fcfungen<\/a><\/h4><p class=\"meta\"><span class=\"vcard\" style=\"display: none;\"><span class=\"fn\"><a href=\"https:\/\/k2prime.com\/en\/author\/k2p\/\" title=\"Posts by k2p\" rel=\"author\">k2p<\/a><\/span><\/span><span class=\"updated\" style=\"display:none;\">2020-09-08T08:08:58+00:00<\/span><span>September 9th, 2020<\/span><span class=\"fusion-inline-sep\">|<\/span><\/p><p>Der Wunsch nach sicheren, mobilen elektronischen Pr\u00fcfungen w\u00e4chst gerade in Zeiten von Covid-19 stark. Mit BeAxi f\u00fcr iOS bieten wir [...]<\/p><\/div><\/article><article class=\"post fusion-column column col col-lg-4 col-md-4 col-sm-4\"><div class=\"fusion-flexslider fusion-flexslider-loading flexslider flexslider-hover-type-zoomin\"><ul class=\"slides\"><li><a href=\"https:\/\/k2prime.com\/en\/2020\/08\/partnerschaft-mit-escola\/\" aria-label=\"Partnerschaft mit Escola\" class=\"hover-type-zoomin\"><img width=\"650\" height=\"360\" src=\"https:\/\/k2prime.com\/wp-content\/uploads\/2020\/06\/blog_partner_escola.png\" class=\"attachment-recent-posts size-recent-posts\" alt=\"Partner Escola\" srcset=\"https:\/\/k2prime.com\/wp-content\/uploads\/2020\/06\/blog_partner_escola-200x111.png 200w, https:\/\/k2prime.com\/wp-content\/uploads\/2020\/06\/blog_partner_escola-300x166.png 300w, https:\/\/k2prime.com\/wp-content\/uploads\/2020\/06\/blog_partner_escola-400x222.png 400w, https:\/\/k2prime.com\/wp-content\/uploads\/2020\/06\/blog_partner_escola-600x332.png 600w, https:\/\/k2prime.com\/wp-content\/uploads\/2020\/06\/blog_partner_escola.png 650w\" sizes=\"(max-width: 650px) 100vw, 650px\" \/><\/a><\/li><\/ul><\/div><div class=\"recent-posts-content\"><span class=\"vcard\" style=\"display: none;\"><span class=\"fn\"><a href=\"https:\/\/k2prime.com\/en\/author\/k2p\/\" title=\"Posts by k2p\" rel=\"author\">k2p<\/a><\/span><\/span><span class=\"updated\" style=\"display:none;\">2020-08-03T12:06:22+00:00<\/span><h4 class=\"entry-title\"><a href=\"https:\/\/k2prime.com\/en\/2020\/08\/partnerschaft-mit-escola\/\">Partnerschaft mit Escola<\/a><\/h4><p class=\"meta\"><span class=\"vcard\" style=\"display: none;\"><span class=\"fn\"><a href=\"https:\/\/k2prime.com\/en\/author\/k2p\/\" title=\"Posts by k2p\" rel=\"author\">k2p<\/a><\/span><\/span><span class=\"updated\" style=\"display:none;\">2020-08-03T12:06:22+00:00<\/span><span>August 3rd, 2020<\/span><span class=\"fusion-inline-sep\">|<\/span><\/p><p>Wir freuen uns, eine neue Partnerschaft mit Escola zu verk\u00fcnden. Escola ist eine webbasierte Software f\u00fcr den Schweizer Schullalltag. Ab [...]<\/p><\/div><\/article><\/section><\/div><div class=\"fusion-clearfix\"><\/div><\/div><\/div><\/div><\/div><\/p>","protected":false},"excerpt":{"rendered":"","protected":false},"author":1,"featured_media":0,"parent":0,"menu_order":0,"comment_status":"open","ping_status":"open","template":"100-width.php","meta":{"_monsterinsights_skip_tracking":false,"_monsterinsights_sitenote_active":false,"_monsterinsights_sitenote_note":"","_monsterinsights_sitenote_category":0,"spay_email":""},"categories":[],"tags":[],"yoast_head":"<!-- This site is optimized with the Yoast SEO plugin v15.9 - https:\/\/yoast.com\/wordpress\/plugins\/seo\/ -->\n<title>Your key to prime e-assessment - K2Prime<\/title>\n<meta name=\"description\" content=\"Ihr Ansprechpartner f\u00fcr erstklassige L\u00f6sungen. BeAxi E-Assessment - die Komplettl\u00f6sung f\u00fcr iPad Tablet unterst\u00fctzte elektronische Pr\u00fcfungen\" \/>\n<meta name=\"robots\" content=\"index, follow, max-snippet:-1, max-image-preview:large, max-video-preview:-1\" \/>\n<link rel=\"canonical\" href=\"https:\/\/k2prime.com\/\" \/>\n<meta property=\"og:locale\" content=\"en_US\" \/>\n<meta property=\"og:type\" content=\"article\" \/>\n<meta property=\"og:title\" content=\"Your key to prime e-assessment - K2Prime\" \/>\n<meta property=\"og:description\" content=\"Ihr Ansprechpartner f\u00fcr erstklassige L\u00f6sungen. BeAxi E-Assessment - die Komplettl\u00f6sung f\u00fcr iPad Tablet unterst\u00fctzte elektronische Pr\u00fcfungen\" \/>\n<meta property=\"og:url\" content=\"https:\/\/k2prime.com\/\" \/>\n<meta property=\"og:site_name\" content=\"K2Prime\" \/>\n<meta property=\"article:modified_time\" content=\"2020-12-17T09:32:45+00:00\" \/>\n<meta name=\"twitter:card\" content=\"summary_large_image\" \/>\n<meta name=\"twitter:label1\" content=\"Est. reading time\">\n\t<meta name=\"twitter:data1\" content=\"6 minutes\">\n<script type=\"application\/ld+json\" class=\"yoast-schema-graph\">{\"@context\":\"https:\/\/schema.org\",\"@graph\":[{\"@type\":\"Organization\",\"@id\":\"https:\/\/k2prime.com\/#organization\",\"name\":\"K2Prime GmbH\",\"url\":\"https:\/\/k2prime.com\/\",\"sameAs\":[],\"logo\":{\"@type\":\"ImageObject\",\"@id\":\"https:\/\/k2prime.com\/#logo\",\"inLanguage\":\"en-US\",\"url\":\"https:\/\/k2prime.com\/wp-content\/uploads\/layerslider\/Home\/k2prime_logo_1500x585.png\",\"width\":1500,\"height\":585,\"caption\":\"K2Prime GmbH\"},\"image\":{\"@id\":\"https:\/\/k2prime.com\/#logo\"}},{\"@type\":\"WebSite\",\"@id\":\"https:\/\/k2prime.com\/#website\",\"url\":\"https:\/\/k2prime.com\/\",\"name\":\"K2Prime\",\"description\":\"\",\"publisher\":{\"@id\":\"https:\/\/k2prime.com\/#organization\"},\"potentialAction\":[{\"@type\":\"SearchAction\",\"target\":\"https:\/\/k2prime.com\/?s={search_term_string}\",\"query-input\":\"required name=search_term_string\"}],\"inLanguage\":\"en-US\"},{\"@type\":\"WebPage\",\"@id\":\"https:\/\/k2prime.com\/#webpage\",\"url\":\"https:\/\/k2prime.com\/\",\"name\":\"Your key to prime e-assessment - K2Prime\",\"isPartOf\":{\"@id\":\"https:\/\/k2prime.com\/#website\"},\"datePublished\":\"2015-08-19T04:23:47+00:00\",\"dateModified\":\"2020-12-17T09:32:45+00:00\",\"description\":\"Ihr Ansprechpartner f\\u00fcr erstklassige L\\u00f6sungen. BeAxi E-Assessment - die Komplettl\\u00f6sung f\\u00fcr iPad Tablet unterst\\u00fctzte elektronische Pr\\u00fcfungen\",\"breadcrumb\":{\"@id\":\"https:\/\/k2prime.com\/#breadcrumb\"},\"inLanguage\":\"en-US\",\"potentialAction\":[{\"@type\":\"ReadAction\",\"target\":[\"https:\/\/k2prime.com\/\"]}]},{\"@type\":\"BreadcrumbList\",\"@id\":\"https:\/\/k2prime.com\/#breadcrumb\",\"itemListElement\":[{\"@type\":\"ListItem\",\"position\":1,\"item\":{\"@type\":\"WebPage\",\"@id\":\"https:\/\/k2prime.com\/\",\"url\":\"https:\/\/k2prime.com\/\",\"name\":\"Home\"}},{\"@type\":\"ListItem\",\"position\":2,\"item\":{\"@type\":\"WebPage\",\"@id\":\"https:\/\/k2prime.com\/\",\"url\":\"https:\/\/k2prime.com\/\",\"name\":\"Home\"}}]}]}<\/script>\n<!-- \/ Yoast SEO plugin. -->","jetpack_sharing_enabled":true,"jetpack_shortlink":"https:\/\/wp.me\/P9pl96-42","_links":{"self":[{"href":"https:\/\/k2prime.com\/en\/wp-json\/wp\/v2\/pages\/250"}],"collection":[{"href":"https:\/\/k2prime.com\/en\/wp-json\/wp\/v2\/pages"}],"about":[{"href":"https:\/\/k2prime.com\/en\/wp-json\/wp\/v2\/types\/page"}],"author":[{"embeddable":true,"href":"https:\/\/k2prime.com\/en\/wp-json\/wp\/v2\/users\/1"}],"replies":[{"embeddable":true,"href":"https:\/\/k2prime.com\/en\/wp-json\/wp\/v2\/comments?post=250"}],"version-history":[{"count":35,"href":"https:\/\/k2prime.com\/en\/wp-json\/wp\/v2\/pages\/250\/revisions"}],"predecessor-version":[{"id":1711,"href":"https:\/\/k2prime.com\/en\/wp-json\/wp\/v2\/pages\/250\/revisions\/1711"}],"wp:attachment":[{"href":"https:\/\/k2prime.com\/en\/wp-json\/wp\/v2\/media?parent=250"}],"wp:term":[{"taxonomy":"category","embeddable":true,"href":"https:\/\/k2prime.com\/en\/wp-json\/wp\/v2\/categories?post=250"},{"taxonomy":"post_tag","embeddable":true,"href":"https:\/\/k2prime.com\/en\/wp-json\/wp\/v2\/tags?post=250"}],"curies":[{"name":"wp","href":"https:\/\/api.w.org\/{rel}","templated":true}]}}